{"id":35,"date":"2023-12-25T14:17:21","date_gmt":"2023-12-25T13:17:21","guid":{"rendered":"https:\/\/lyon-nuisible.fr\/?page_id=35"},"modified":"2024-07-13T00:05:58","modified_gmt":"2024-07-12T22:05:58","slug":"desinfection","status":"publish","type":"page","link":"https:\/\/lyon-nuisible.fr\/index.php\/desinfection\/","title":{"rendered":"Nid de gu\u00eapes et frelons"},"content":{"rendered":"\n<div class=\"wp-block-columns is-layout-flex wp-container-core-columns-is-layout-9d6595d7 wp-block-columns-is-layout-flex\">\n<div class=\"wp-block-column is-layout-flow wp-block-column-is-layout-flow\">\n<div class=\"wp-block-group is-layout-flex wp-block-group-is-layout-flex\">\n\n<nav class=\"is-responsive items-justified-right wp-block-navigation is-content-justification-right is-layout-flex wp-container-core-navigation-is-layout-3817c3ed wp-block-navigation-is-layout-flex\" aria-label=\"Primaire\" \n\t\t data-wp-interactive=\"core\/navigation\" data-wp-context='{\"overlayOpenedBy\":{\"click\":false,\"hover\":false,\"focus\":false},\"type\":\"overlay\",\"roleAttribute\":\"\",\"ariaLabel\":\"Menu\"}'><button aria-haspopup=\"dialog\" aria-label=\"Open menu\" class=\"wp-block-navigation__responsive-container-open\" \n\t\t\t\tdata-wp-on--click=\"actions.openMenuOnClick\"\n\t\t\t\tdata-wp-on--keydown=\"actions.handleMenuKeydown\"\n\t\t\t><svg width=\"24\" height=\"24\" xmlns=\"http:\/\/www.w3.org\/2000\/svg\" viewBox=\"0 0 24 24\" aria-hidden=\"true\" focusable=\"false\"><path d=\"M4 7.5h16v1.5H4z\"><\/path><path d=\"M4 15h16v1.5H4z\"><\/path><\/svg><\/button>\n\t\t\t\t<div class=\"wp-block-navigation__responsive-container\"  id=\"modal-1\" \n\t\t\t\tdata-wp-class--has-modal-open=\"state.isMenuOpen\"\n\t\t\t\tdata-wp-class--is-menu-open=\"state.isMenuOpen\"\n\t\t\t\tdata-wp-watch=\"callbacks.initMenu\"\n\t\t\t\tdata-wp-on--keydown=\"actions.handleMenuKeydown\"\n\t\t\t\tdata-wp-on--focusout=\"actions.handleMenuFocusout\"\n\t\t\t\ttabindex=\"-1\"\n\t\t\t>\n\t\t\t\t\t<div class=\"wp-block-navigation__responsive-close\" tabindex=\"-1\">\n\t\t\t\t\t\t<div class=\"wp-block-navigation__responsive-dialog\" \n\t\t\t\tdata-wp-bind--aria-modal=\"state.ariaModal\"\n\t\t\t\tdata-wp-bind--aria-label=\"state.ariaLabel\"\n\t\t\t\tdata-wp-bind--role=\"state.roleAttribute\"\n\t\t\t>\n\t\t\t\t\t\t\t<button aria-label=\"Close menu\" class=\"wp-block-navigation__responsive-container-close\" \n\t\t\t\tdata-wp-on--click=\"actions.closeMenuOnClick\"\n\t\t\t><svg xmlns=\"http:\/\/www.w3.org\/2000\/svg\" viewBox=\"0 0 24 24\" width=\"24\" height=\"24\" aria-hidden=\"true\" focusable=\"false\"><path d=\"m13.06 12 6.47-6.47-1.06-1.06L12 10.94 5.53 4.47 4.47 5.53 10.94 12l-6.47 6.47 1.06 1.06L12 13.06l6.47 6.47 1.06-1.06L13.06 12Z\"><\/path><\/svg><\/button>\n\t\t\t\t\t\t\t<div class=\"wp-block-navigation__responsive-container-content\" \n\t\t\t\tdata-wp-watch=\"callbacks.focusFirstElement\"\n\t\t\t id=\"modal-1-content\">\n\t\t\t\t\t\t\t\t<ul class=\"wp-block-navigation__container is-responsive items-justified-right wp-block-navigation\"><li class=\" wp-block-navigation-item  menu-item menu-item-type-post_type menu-item-object-page wp-block-navigation-link\"><a class=\"wp-block-navigation-item__content\"  href=\"http:\/\/lyon-nuisible.fr\/index.php\/desinsectisation\/\" title=\"\"><span class=\"wp-block-navigation-item__label\">D\u00e9sinsectisation<\/span><\/a><\/li><\/ul><ul class=\"wp-block-navigation__container is-responsive items-justified-right wp-block-navigation\"><li class=\" wp-block-navigation-item  menu-item menu-item-type-post_type menu-item-object-page wp-block-navigation-link\"><a class=\"wp-block-navigation-item__content\"  href=\"http:\/\/lyon-nuisible.fr\/index.php\/desinfection\/\" title=\"\"><span class=\"wp-block-navigation-item__label\">D\u00e9sinfection<\/span><\/a><\/li><\/ul><ul class=\"wp-block-navigation__container is-responsive items-justified-right wp-block-navigation\"><li class=\" wp-block-navigation-item  menu-item menu-item-type-post_type menu-item-object-page wp-block-navigation-link\"><a class=\"wp-block-navigation-item__content\"  href=\"http:\/\/lyon-nuisible.fr\/index.php\/contact\/\" title=\"\"><span class=\"wp-block-navigation-item__label\">Contact<\/span><\/a><\/li><\/ul>\n\t\t\t\t\t\t\t<\/div>\n\t\t\t\t\t\t<\/div>\n\t\t\t\t\t<\/div>\n\t\t\t\t<\/div><\/nav>\n\n\n<div class=\"wp-block-group is-vertical is-layout-flex wp-container-core-group-is-layout-5d5a54e7 wp-block-group-is-layout-flex\"><\/div>\n<\/div>\n<\/div>\n<\/div>\n\n\n\n<div class=\"wp-block-columns is-layout-flex wp-container-core-columns-is-layout-9d6595d7 wp-block-columns-is-layout-flex\">\n<div class=\"wp-block-column is-layout-flow wp-block-column-is-layout-flow\">\n<div class=\"wp-block-cover alignfull is-light\" style=\"margin-top:0;min-height:40vw;aspect-ratio:unset;\"><span aria-hidden=\"true\" class=\"wp-block-cover__background has-black-background-color has-background-dim-0 has-background-dim\"><\/span><img decoding=\"async\" class=\"wp-block-cover__image-background wp-image-61\" alt=\"\" src=\"https:\/\/img.rawpixel.com\/s3fs-private\/rawpixel_images\/website_content\/a017-eberhard-cco-the-after-rain.jpg?w=1200&amp;h=1200&amp;fit=clip&amp;crop=default&amp;dpr=1&amp;q=75&amp;vib=3&amp;con=3&amp;usm=15&amp;cs=srgb&amp;bg=F4F4F3&amp;ixlib=js-2.2.1&amp;s=e7b4ca0a0edcc84ba48c1f7ebf02dd5a\" style=\"object-position:50% 50%\" data-object-fit=\"cover\" data-object-position=\"50% 50%\"\/><div class=\"wp-block-cover__inner-container is-layout-flow wp-block-cover-is-layout-flow\">\n<pre class=\"wp-block-code has-white-color has-text-color has-link-color wp-elements-5e9c59e513c56ba0a79518a271088f4a\"><code>\nL\u2019\u00e9t\u00e9 \u00e9voque souvent la douceur, les barbecues et les moments pass\u00e9s \u00e0 l\u2019ext\u00e9rieur. Cependant, il arrive que des invit\u00e9s ind\u00e9sirables fassent leur apparition : les gu\u00eapes et les frelons. Bien que fascinants, ces insectes peuvent causer de s\u00e9rieux probl\u00e8mes lorsqu\u2019ils choisissent de nicher pr\u00e8s de nos habitations. Heureusement, Lyon Nuisibles est l\u00e0 pour vous aider \u00e0 retrouver la tranquillit\u00e9.<\/code><\/pre>\n\n\n\n<h2 class=\"wp-block-heading\">DEMANDER UN DEVIS GRATUIT<\/h2>\n\n\n\n<div class=\"wp-block-columns is-layout-flex wp-container-core-columns-is-layout-9d6595d7 wp-block-columns-is-layout-flex\">\n<div class=\"wp-block-column is-layout-flow wp-block-column-is-layout-flow\">\n<div class=\"wp-block-buttons is-layout-flex wp-block-buttons-is-layout-flex\">\n<div class=\"wp-block-button is-style-outline is-style-outline--2\"><a class=\"wp-block-button__link has-white-background-color has-background wp-element-button\">NUMERO DE TELEPHONE<\/a><\/div>\n<\/div>\n\n\n\n<div class=\"wp-block-buttons is-layout-flex wp-block-buttons-is-layout-flex\">\n<div class=\"wp-block-button is-style-outline is-style-outline--3\"><a class=\"wp-block-button__link has-white-color has-black-background-color has-text-color has-background has-link-color wp-element-button\">FORMULAIRE DE CONTACT<\/a><\/div>\n<\/div>\n<\/div>\n<\/div>\n<\/div><\/div>\n<\/div>\n<\/div>\n\n\n\n<div class=\"wp-block-columns is-layout-flex wp-container-core-columns-is-layout-9d6595d7 wp-block-columns-is-layout-flex\">\n<div class=\"wp-block-column is-layout-flow wp-block-column-is-layout-flow\">\n<h2 class=\"wp-block-heading\">Pourquoi est-il urgent d&#8217;agir face \u00e0 un nid ?<\/h2>\n\n\n\n<pre class=\"wp-block-code\"><code>Les gu\u00eapes et les frelons, notamment le frelon asiatique, peuvent se montrer agressifs, surtout lorsqu'ils se sentent menac\u00e9s. Leurs piq\u00fbres sont non seulement douloureuses, mais elles peuvent \u00e9galement provoquer des r\u00e9actions allergiques s\u00e9v\u00e8res chez certaines personnes. De plus, un nid actif \u00e0 proximit\u00e9 de votre maison ou de votre lieu de travail peut rapidement devenir une source d'anxi\u00e9t\u00e9.<\/code><\/pre>\n\n\n\n<h2 class=\"wp-block-heading\">Lyon  Nuisibles : Votre partenaire de confiance<\/h2>\n\n\n\n<pre class=\"wp-block-code\"><code>Chez Lyon Nuisibles, nous nous engageons \u00e0 vous offrir un service rapide, efficace et s\u00fbr pour \u00e9liminer ces nids ind\u00e9sirables.<\/code><\/pre>\n\n\n\n<h4 class=\"wp-block-heading\">Une \u00e9valuation pr\u00e9cise de la situation<\/h4>\n\n\n\n<pre class=\"wp-block-code\"><code>Chaque intervention commence par une \u00e9valuation d\u00e9taill\u00e9e du nid : sa taille, son emplacement, et l\u2019esp\u00e8ce concern\u00e9e. Cette \u00e9tape est essentielle pour d\u00e9finir la meilleure strat\u00e9gie d\u2019intervention.<\/code><\/pre>\n\n\n\n<h4 class=\"wp-block-heading\">Des m\u00e9thodes s\u00fbres et respectueuses de l\u2019environnement<\/h4>\n\n\n\n<pre class=\"wp-block-code\"><code>Nous utilisons des techniques et des produits respectueux de l\u2019environnement pour \u00e9liminer les gu\u00eapes et les frelons. Notre priorit\u00e9 est de garantir la s\u00e9curit\u00e9 de tous pendant l\u2019intervention, tout en pr\u00e9servant la faune et la flore environnantes.<\/code><\/pre>\n\n\n\n<h4 class=\"wp-block-heading\">Un suivi post-intervention<\/h4>\n\n\n\n<pre class=\"wp-block-code\"><code>Apr\u00e8s la destruction du nid, nous assurons un suivi pour v\u00e9rifier qu\u2019il n\u2019y a pas de r\u00e9cidive. Nous vous donnerons \u00e9galement des conseils pour \u00e9viter de futures infestations.<\/code><\/pre>\n\n\n\n<h2 class=\"wp-block-heading\">Comment pr\u00e9venir la formation de nids ?<\/h2>\n\n\n\n<pre class=\"wp-block-code\"><code>M\u00eame si la nature est impr\u00e9visible, voici quelques astuces pour r\u00e9duire les risques d\u2019avoir un nid chez vous :<\/code><\/pre>\n\n\n\n<ul class=\"wp-block-list\">\n<li><strong>Inspectez r\u00e9guli\u00e8rement<\/strong>\u00a0les recoins de votre maison, garage, grenier ou jardin.<\/li>\n\n\n\n<li><strong>\u00c9vitez de laisser de la nourriture<\/strong>\u00a0\u00e0 l\u2019ext\u00e9rieur, en particulier des aliments sucr\u00e9s.<\/li>\n\n\n\n<li><strong>Gardez vos poubelles<\/strong>\u00a0bien ferm\u00e9es.<\/li>\n\n\n\n<li><strong>Si vous observez une activit\u00e9 inhabituelle<\/strong>\u00a0d\u2019insectes volants, n\u2019attendez pas pour faire appel \u00e0 un professionnel.<\/li>\n<\/ul>\n\n\n\n<h2 class=\"wp-block-heading\">Les risques associ\u00e9s aux piq\u00fbres<\/h2>\n\n\n\n<pre class=\"wp-block-code\"><code>Les piq\u00fbres de gu\u00eapes et de frelons peuvent provoquer des r\u00e9actions locales, telles que des rougeurs, des gonflements et de la douleur. Chez certaines personnes, elles peuvent d\u00e9clencher des r\u00e9actions allergiques plus graves, n\u00e9cessitant une intervention m\u00e9dicale d'urgence. Il est donc crucial de traiter le probl\u00e8me \u00e0 la source en \u00e9liminant le nid.<\/code><\/pre>\n\n\n\n<h2 class=\"wp-block-heading\">L&#8217;importance de faire appel \u00e0 des experts<\/h2>\n\n\n\n<pre class=\"wp-block-code\"><code>Tenter de d\u00e9truire un nid par soi-m\u00eame peut \u00eatre dangereux. Les gu\u00eapes et les frelons peuvent devenir agressifs et attaquer en groupe. Il est donc essentiel de confier cette t\u00e2che \u00e0 des experts form\u00e9s et \u00e9quip\u00e9s pour intervenir en toute s\u00e9curit\u00e9.<\/code><\/pre>\n\n\n\n<pre class=\"wp-block-code\"><code>La pr\u00e9sence d\u2019un nid de gu\u00eapes ou de frelons \u00e0 proximit\u00e9 de votre habitation n\u2019est pas \u00e0 prendre \u00e0 la l\u00e9g\u00e8re. Avec Lyon Nuisibles, vous b\u00e9n\u00e9ficiez d\u2019une intervention rapide, efficace et s\u00e9curis\u00e9e. Nous sommes l\u00e0 pour vous accompagner et vous permettre de profiter sereinement de votre espace ext\u00e9rieur. Faites confiance \u00e0 notre expertise pour vous d\u00e9barrasser de ces nuisibles.<\/code><\/pre>\n<\/div>\n\n\n\n<div class=\"wp-block-column is-layout-flow wp-block-column-is-layout-flow\">\n<figure class=\"wp-block-image size-large\"><img loading=\"lazy\" decoding=\"async\" width=\"768\" height=\"1024\" src=\"http:\/\/lyon-nuisible.fr\/wp-content\/uploads\/2024\/07\/Design-sans-titre-52-768x1024.png\" alt=\"\" class=\"wp-image-170\" srcset=\"https:\/\/lyon-nuisible.fr\/wp-content\/uploads\/2024\/07\/Design-sans-titre-52-768x1024.png 768w, https:\/\/lyon-nuisible.fr\/wp-content\/uploads\/2024\/07\/Design-sans-titre-52-225x300.png 225w, https:\/\/lyon-nuisible.fr\/wp-content\/uploads\/2024\/07\/Design-sans-titre-52-45x60.png 45w, https:\/\/lyon-nuisible.fr\/wp-content\/uploads\/2024\/07\/Design-sans-titre-52.png 900w\" sizes=\"auto, (max-width: 768px) 100vw, 768px\" \/><\/figure>\n<\/div>\n<\/div>\n\n\n\n<div class=\"wp-block-columns is-layout-flex wp-container-core-columns-is-layout-9d6595d7 wp-block-columns-is-layout-flex\">\n<div class=\"wp-block-column is-layout-flow wp-block-column-is-layout-flow\">\n<div class=\"wp-block-group alignfull has-background-color has-white-color has-black-background-color has-text-color has-background has-link-color wp-elements-840538e89f9b38bdf29ffb9244ebdb49 is-vertical is-content-justification-stretch is-layout-flex wp-container-core-group-is-layout-47eb2bc5 wp-block-group-is-layout-flex\" style=\"min-height:40vh;margin-top:0;margin-bottom:0;padding-top:var(--wp--preset--spacing--60);padding-right:var(--wp--preset--spacing--40);padding-bottom:var(--wp--preset--spacing--60);padding-left:var(--wp--preset--spacing--40)\">\n<div class=\"wp-block-columns alignwide has-small-font-size is-layout-flex wp-container-core-columns-is-layout-9d6595d7 wp-block-columns-is-layout-flex\">\n<div class=\"wp-block-column is-layout-flow wp-block-column-is-layout-flow\">\n<p class=\"has-text-align-center\">Location<\/p>\n\n\n\n<p class=\"has-text-align-center\">LYON ,&nbsp;<br><br><\/p>\n\n\n\n<div style=\"height:24px\" aria-hidden=\"true\" class=\"wp-block-spacer\"><\/div>\n<\/div>\n\n\n\n<div class=\"wp-block-column is-layout-flow wp-block-column-is-layout-flow\">\n<p class=\"has-text-align-center\">Pages<\/p>\n\n\n<nav class=\"has-small-font-size items-justified-center is-vertical no-wrap wp-block-navigation is-content-justification-center is-nowrap is-layout-flex wp-container-core-navigation-is-layout-685400d0 wp-block-navigation-is-layout-flex\" aria-label=\"Primaire 2\"><ul class=\"wp-block-navigation__container has-small-font-size items-justified-center is-vertical no-wrap wp-block-navigation has-small-font-size\"><li class=\"has-small-font-size wp-block-navigation-item  menu-item menu-item-type-post_type menu-item-object-page wp-block-navigation-link\"><a class=\"wp-block-navigation-item__content\"  href=\"http:\/\/lyon-nuisible.fr\/index.php\/desinsectisation\/\" title=\"\"><span class=\"wp-block-navigation-item__label\">D\u00e9sinsectisation<\/span><\/a><\/li><\/ul><ul class=\"wp-block-navigation__container has-small-font-size items-justified-center is-vertical no-wrap wp-block-navigation has-small-font-size\"><li class=\"has-small-font-size wp-block-navigation-item  menu-item menu-item-type-post_type menu-item-object-page wp-block-navigation-link\"><a class=\"wp-block-navigation-item__content\"  href=\"http:\/\/lyon-nuisible.fr\/index.php\/desinfection\/\" title=\"\"><span class=\"wp-block-navigation-item__label\">D\u00e9sinfection<\/span><\/a><\/li><\/ul><ul class=\"wp-block-navigation__container has-small-font-size items-justified-center is-vertical no-wrap wp-block-navigation has-small-font-size\"><li class=\"has-small-font-size wp-block-navigation-item  menu-item menu-item-type-post_type menu-item-object-page wp-block-navigation-link\"><a class=\"wp-block-navigation-item__content\"  href=\"http:\/\/lyon-nuisible.fr\/index.php\/contact\/\" title=\"\"><span class=\"wp-block-navigation-item__label\">Contact<\/span><\/a><\/li><\/ul><\/nav>\n\n\n<div style=\"height:24px\" aria-hidden=\"true\" class=\"wp-block-spacer\"><\/div>\n<\/div>\n\n\n\n<div class=\"wp-block-column is-layout-flow wp-block-column-is-layout-flow\">\n<p class=\"has-text-align-center\">Follow us<\/p>\n\n\n\n<div class=\"wp-block-group is-vertical is-content-justification-center is-layout-flex wp-container-core-group-is-layout-bdd043ae wp-block-group-is-layout-flex\">\n<p><a href=\"#\">Facebook<\/a><\/p>\n\n\n\n<p><a href=\"#\">Instagram<\/a><\/p>\n\n\n\n<p><a href=\"#\">Twitter<\/a><\/p>\n<\/div>\n\n\n\n<div style=\"height:24px\" aria-hidden=\"true\" class=\"wp-block-spacer\"><\/div>\n<\/div>\n<\/div>\n\n\n\n<p class=\"has-text-align-center has-small-font-size\"><\/p>\n\n\n\n<div class=\"wp-block-group alignwide is-content-justification-center is-layout-flex wp-container-core-group-is-layout-5590e8cb wp-block-group-is-layout-flex\"><\/div>\n<\/div>\n<\/div>\n<\/div>\n","protected":false},"excerpt":{"rendered":"<p>Pourquoi est-il urgent d&#8217;agir face \u00e0 un nid ? Lyon Nuisibles : Votre partenaire de confiance Une \u00e9valuation pr\u00e9cise de la situation Des m\u00e9thodes s\u00fbres et respectueuses de l\u2019environnement Un suivi post-intervention Comment pr\u00e9venir la formation de nids ? Les risques associ\u00e9s aux piq\u00fbres L&#8217;importance de faire appel \u00e0 des experts Location LYON ,&nbsp; Pages &hellip; <\/p>\n","protected":false},"author":1,"featured_media":0,"parent":0,"menu_order":0,"comment_status":"closed","ping_status":"closed","template":"","meta":{"footnotes":""},"class_list":["post-35","page","type-page","status-publish","hentry","grid-sizer"],"_links":{"self":[{"href":"https:\/\/lyon-nuisible.fr\/index.php\/wp-json\/wp\/v2\/pages\/35","targetHints":{"allow":["GET"]}}],"collection":[{"href":"https:\/\/lyon-nuisible.fr\/index.php\/wp-json\/wp\/v2\/pages"}],"about":[{"href":"https:\/\/lyon-nuisible.fr\/index.php\/wp-json\/wp\/v2\/types\/page"}],"author":[{"embeddable":true,"href":"https:\/\/lyon-nuisible.fr\/index.php\/wp-json\/wp\/v2\/users\/1"}],"replies":[{"embeddable":true,"href":"https:\/\/lyon-nuisible.fr\/index.php\/wp-json\/wp\/v2\/comments?post=35"}],"version-history":[{"count":2,"href":"https:\/\/lyon-nuisible.fr\/index.php\/wp-json\/wp\/v2\/pages\/35\/revisions"}],"predecessor-version":[{"id":171,"href":"https:\/\/lyon-nuisible.fr\/index.php\/wp-json\/wp\/v2\/pages\/35\/revisions\/171"}],"wp:attachment":[{"href":"https:\/\/lyon-nuisible.fr\/index.php\/wp-json\/wp\/v2\/media?parent=35"}],"curies":[{"name":"wp","href":"https:\/\/api.w.org\/{rel}","templated":true}]}}