{"id":33,"date":"2023-12-25T14:16:49","date_gmt":"2023-12-25T13:16:49","guid":{"rendered":"https:\/\/lyon-nuisible.fr\/?page_id=33"},"modified":"2024-07-12T23:05:10","modified_gmt":"2024-07-12T21:05:10","slug":"depigeonnage-2","status":"publish","type":"page","link":"https:\/\/lyon-nuisible.fr\/index.php\/depigeonnage-2\/","title":{"rendered":"D\u00e9ratisation"},"content":{"rendered":"\n<div class=\"wp-block-columns is-layout-flex wp-container-core-columns-is-layout-9d6595d7 wp-block-columns-is-layout-flex\">\n<div class=\"wp-block-column is-layout-flow wp-block-column-is-layout-flow\">\n<div class=\"wp-block-group alignfull\"><div class=\"wp-block-group__inner-container is-layout-constrained wp-block-group-is-layout-constrained\">\n<div class=\"wp-block-group alignfull is-content-justification-space-between is-layout-flex wp-container-core-group-is-layout-0b2df045 wp-block-group-is-layout-flex\" style=\"padding-top:var(--wp--preset--spacing--30);padding-right:var(--wp--preset--spacing--30);padding-bottom:var(--wp--preset--spacing--30);padding-left:var(--wp--preset--spacing--30)\">\n<div class=\"wp-block-group is-layout-flex wp-block-group-is-layout-flex\">\n\n<nav class=\"is-responsive items-justified-right wp-block-navigation is-content-justification-right is-layout-flex wp-container-core-navigation-is-layout-3817c3ed wp-block-navigation-is-layout-flex\" aria-label=\"Primaire\" \n\t\t data-wp-interactive=\"core\/navigation\" data-wp-context='{\"overlayOpenedBy\":{\"click\":false,\"hover\":false,\"focus\":false},\"type\":\"overlay\",\"roleAttribute\":\"\",\"ariaLabel\":\"Menu\"}'><button aria-haspopup=\"dialog\" aria-label=\"Open menu\" class=\"wp-block-navigation__responsive-container-open\" \n\t\t\t\tdata-wp-on--click=\"actions.openMenuOnClick\"\n\t\t\t\tdata-wp-on--keydown=\"actions.handleMenuKeydown\"\n\t\t\t><svg width=\"24\" height=\"24\" xmlns=\"http:\/\/www.w3.org\/2000\/svg\" viewBox=\"0 0 24 24\" aria-hidden=\"true\" focusable=\"false\"><path d=\"M4 7.5h16v1.5H4z\"><\/path><path d=\"M4 15h16v1.5H4z\"><\/path><\/svg><\/button>\n\t\t\t\t<div class=\"wp-block-navigation__responsive-container\"  id=\"modal-1\" \n\t\t\t\tdata-wp-class--has-modal-open=\"state.isMenuOpen\"\n\t\t\t\tdata-wp-class--is-menu-open=\"state.isMenuOpen\"\n\t\t\t\tdata-wp-watch=\"callbacks.initMenu\"\n\t\t\t\tdata-wp-on--keydown=\"actions.handleMenuKeydown\"\n\t\t\t\tdata-wp-on--focusout=\"actions.handleMenuFocusout\"\n\t\t\t\ttabindex=\"-1\"\n\t\t\t>\n\t\t\t\t\t<div class=\"wp-block-navigation__responsive-close\" tabindex=\"-1\">\n\t\t\t\t\t\t<div class=\"wp-block-navigation__responsive-dialog\" \n\t\t\t\tdata-wp-bind--aria-modal=\"state.ariaModal\"\n\t\t\t\tdata-wp-bind--aria-label=\"state.ariaLabel\"\n\t\t\t\tdata-wp-bind--role=\"state.roleAttribute\"\n\t\t\t>\n\t\t\t\t\t\t\t<button aria-label=\"Close menu\" class=\"wp-block-navigation__responsive-container-close\" \n\t\t\t\tdata-wp-on--click=\"actions.closeMenuOnClick\"\n\t\t\t><svg xmlns=\"http:\/\/www.w3.org\/2000\/svg\" viewBox=\"0 0 24 24\" width=\"24\" height=\"24\" aria-hidden=\"true\" focusable=\"false\"><path d=\"m13.06 12 6.47-6.47-1.06-1.06L12 10.94 5.53 4.47 4.47 5.53 10.94 12l-6.47 6.47 1.06 1.06L12 13.06l6.47 6.47 1.06-1.06L13.06 12Z\"><\/path><\/svg><\/button>\n\t\t\t\t\t\t\t<div class=\"wp-block-navigation__responsive-container-content\" \n\t\t\t\tdata-wp-watch=\"callbacks.focusFirstElement\"\n\t\t\t id=\"modal-1-content\">\n\t\t\t\t\t\t\t\t<ul class=\"wp-block-navigation__container is-responsive items-justified-right wp-block-navigation\"><li class=\" wp-block-navigation-item  menu-item menu-item-type-post_type menu-item-object-page wp-block-navigation-link\"><a class=\"wp-block-navigation-item__content\"  href=\"http:\/\/lyon-nuisible.fr\/index.php\/desinsectisation\/\" title=\"\"><span class=\"wp-block-navigation-item__label\">D\u00e9sinsectisation<\/span><\/a><\/li><\/ul><ul class=\"wp-block-navigation__container is-responsive items-justified-right wp-block-navigation\"><li class=\" wp-block-navigation-item  menu-item menu-item-type-post_type menu-item-object-page wp-block-navigation-link\"><a class=\"wp-block-navigation-item__content\"  href=\"http:\/\/lyon-nuisible.fr\/index.php\/desinfection\/\" title=\"\"><span class=\"wp-block-navigation-item__label\">D\u00e9sinfection<\/span><\/a><\/li><\/ul><ul class=\"wp-block-navigation__container is-responsive items-justified-right wp-block-navigation\"><li class=\" wp-block-navigation-item  menu-item menu-item-type-post_type menu-item-object-page wp-block-navigation-link\"><a class=\"wp-block-navigation-item__content\"  href=\"http:\/\/lyon-nuisible.fr\/index.php\/contact\/\" title=\"\"><span class=\"wp-block-navigation-item__label\">Contact<\/span><\/a><\/li><\/ul>\n\t\t\t\t\t\t\t<\/div>\n\t\t\t\t\t\t<\/div>\n\t\t\t\t\t<\/div>\n\t\t\t\t<\/div><\/nav>\n\n\n<div class=\"wp-block-group is-vertical is-layout-flex wp-container-core-group-is-layout-5d5a54e7 wp-block-group-is-layout-flex\"><\/div>\n<\/div>\n<\/div>\n\n\n\n<div class=\"wp-block-cover alignfull is-light\" style=\"margin-top:0;min-height:523px;aspect-ratio:unset;\"><span aria-hidden=\"true\" class=\"wp-block-cover__background has-black-background-color has-background-dim-0 has-background-dim\"><\/span><img decoding=\"async\" class=\"wp-block-cover__image-background wp-image-61\" alt=\"\" src=\"https:\/\/img.rawpixel.com\/s3fs-private\/rawpixel_images\/website_content\/a017-eberhard-cco-the-after-rain.jpg?w=1200&amp;h=1200&amp;fit=clip&amp;crop=default&amp;dpr=1&amp;q=75&amp;vib=3&amp;con=3&amp;usm=15&amp;cs=srgb&amp;bg=F4F4F3&amp;ixlib=js-2.2.1&amp;s=e7b4ca0a0edcc84ba48c1f7ebf02dd5a\" style=\"object-position:48% 62%\" data-object-fit=\"cover\" data-object-position=\"48% 62%\"\/><div class=\"wp-block-cover__inner-container is-layout-flow wp-block-cover-is-layout-flow\">\n<p class=\"has-white-color has-text-color has-link-color wp-elements-b8e050a79a1c83ba15fe711831b33e8b\">Les rongeurs, ces petites cr\u00e9atures curieuses, peuvent malgr\u00e9 leur taille modeste engendrer d&#8217;importants probl\u00e8mes. Qu&#8217;il s&#8217;agisse de rats, de souris ou d&#8217;autres nuisibles, leur pr\u00e9sence est souvent associ\u00e9e \u00e0 des dommages mat\u00e9riels significatifs et \u00e0 des risques pour la sant\u00e9. Cependant, ne vous inqui\u00e9tez pas ! Be Protect Nuisibles est l\u00e0 pour vous aider \u00e0 retrouver la tranquillit\u00e9 d&#8217;esprit.<\/p>\n\n\n\n<h2 class=\"wp-block-heading\">DEMANDER UN DEVIS GRATUIT<\/h2>\n\n\n\n<div class=\"wp-block-columns is-layout-flex wp-container-core-columns-is-layout-9d6595d7 wp-block-columns-is-layout-flex\">\n<div class=\"wp-block-column is-layout-flow wp-block-column-is-layout-flow\">\n<div class=\"wp-block-buttons is-layout-flex wp-block-buttons-is-layout-flex\">\n<div class=\"wp-block-button is-style-outline is-style-outline--2\"><a class=\"wp-block-button__link has-white-background-color has-background wp-element-button\">NUMERO DE TELEPHONE<\/a><\/div>\n<\/div>\n\n\n\n<div class=\"wp-block-buttons is-layout-flex wp-block-buttons-is-layout-flex\">\n<div class=\"wp-block-button is-style-outline is-style-outline--3\"><a class=\"wp-block-button__link has-white-color has-black-background-color has-text-color has-background has-link-color wp-element-button\">FORMULAIRE DE CONTACT<\/a><\/div>\n<\/div>\n<\/div>\n<\/div>\n<\/div><\/div>\n<\/div><\/div>\n<\/div>\n<\/div>\n\n\n\n<div class=\"wp-block-columns is-layout-flex wp-container-core-columns-is-layout-9d6595d7 wp-block-columns-is-layout-flex\">\n<div class=\"wp-block-column is-layout-flow wp-block-column-is-layout-flow\">\n<h2 class=\"wp-block-heading\">L&#8217;incidence des rongeurs sur votre vie quotidienne<\/h2>\n\n\n\n<pre class=\"wp-block-code\"><code>Lorsque les rongeurs s'installent, ils perturbent significativement notre quotidien. Leurs activit\u00e9s destructrices incluent le grignotage des fils, des tuyaux, des v\u00eatements et m\u00eame des structures en bois, engendrant ainsi des d\u00e9g\u00e2ts mat\u00e9riels cons\u00e9quents et des frais de r\u00e9paration substantiels. De surcro\u00eet, leur pr\u00e9sence est source de stress et d'anxi\u00e9t\u00e9, particuli\u00e8rement pr\u00e9occupante dans les foyers avec enfants ou animaux de compagnie.<\/code><\/pre>\n<\/div>\n\n\n\n<div class=\"wp-block-column is-layout-flow wp-block-column-is-layout-flow\">\n<figure class=\"wp-block-image size-full is-resized\"><img loading=\"lazy\" decoding=\"async\" width=\"275\" height=\"183\" src=\"http:\/\/lyon-nuisible.fr\/wp-content\/uploads\/2024\/07\/images-2.jpeg\" alt=\"\" class=\"wp-image-130\" style=\"width:414px;height:auto\" srcset=\"https:\/\/lyon-nuisible.fr\/wp-content\/uploads\/2024\/07\/images-2.jpeg 275w, https:\/\/lyon-nuisible.fr\/wp-content\/uploads\/2024\/07\/images-2-90x60.jpeg 90w\" sizes=\"auto, (max-width: 275px) 100vw, 275px\" \/><\/figure>\n\n\n\n<hr class=\"wp-block-separator has-alpha-channel-opacity\"\/>\n\n\n<div class=\"wp-block-image\">\n<figure class=\"aligncenter size-full is-resized\"><img loading=\"lazy\" decoding=\"async\" width=\"448\" height=\"321\" src=\"http:\/\/lyon-nuisible.fr\/wp-content\/uploads\/2024\/07\/unnamed.jpg\" alt=\"\" class=\"wp-image-134\" style=\"width:387px;height:auto\" srcset=\"https:\/\/lyon-nuisible.fr\/wp-content\/uploads\/2024\/07\/unnamed.jpg 448w, https:\/\/lyon-nuisible.fr\/wp-content\/uploads\/2024\/07\/unnamed-300x215.jpg 300w, https:\/\/lyon-nuisible.fr\/wp-content\/uploads\/2024\/07\/unnamed-84x60.jpg 84w\" sizes=\"auto, (max-width: 448px) 100vw, 448px\" \/><\/figure>\n<\/div>\n\n\n<hr class=\"wp-block-separator has-alpha-channel-opacity\"\/>\n\n\n\n<figure class=\"wp-block-image size-large is-resized\"><img loading=\"lazy\" decoding=\"async\" width=\"1024\" height=\"431\" src=\"http:\/\/lyon-nuisible.fr\/wp-content\/uploads\/2024\/07\/desinsectisation-1024x431.jpg\" alt=\"\" class=\"wp-image-132\" style=\"width:418px;height:auto\" srcset=\"https:\/\/lyon-nuisible.fr\/wp-content\/uploads\/2024\/07\/desinsectisation-1024x431.jpg 1024w, https:\/\/lyon-nuisible.fr\/wp-content\/uploads\/2024\/07\/desinsectisation-300x126.jpg 300w, https:\/\/lyon-nuisible.fr\/wp-content\/uploads\/2024\/07\/desinsectisation-768x323.jpg 768w, https:\/\/lyon-nuisible.fr\/wp-content\/uploads\/2024\/07\/desinsectisation-1536x647.jpg 1536w, https:\/\/lyon-nuisible.fr\/wp-content\/uploads\/2024\/07\/desinsectisation-143x60.jpg 143w, https:\/\/lyon-nuisible.fr\/wp-content\/uploads\/2024\/07\/desinsectisation.jpg 1900w\" sizes=\"auto, (max-width: 1024px) 100vw, 1024px\" \/><\/figure>\n<\/div>\n<\/div>\n\n\n\n<div class=\"wp-block-columns is-layout-flex wp-container-core-columns-is-layout-9d6595d7 wp-block-columns-is-layout-flex\">\n<div class=\"wp-block-column is-layout-flow wp-block-column-is-layout-flow\">\n<h2 class=\"wp-block-heading\">Pourquoi la d\u00e9ratisation est-elle cruciale ?<\/h2>\n\n\n\n<pre class=\"wp-block-code\"><code>Les rongeurs ne se limitent pas \u00e0 \u00eatre de simples nuisances qui endommagent vos fils \u00e9lectriques ou vos provisions. Ils sont \u00e9galement vecteurs de maladies potentiellement transmissibles \u00e0 l'homme. Leur pr\u00e9sence peut \u00e9galement attirer d'autres nuisibles, entra\u00eenant ainsi une cha\u00eene d'infestation. Sans une intervention rapide, une petite colonie peut rapidement devenir un probl\u00e8me majeur. C'est l\u00e0 que Be Protect Nuisibles intervient.<\/code><\/pre>\n<\/div>\n<\/div>\n\n\n\n<h2 class=\"wp-block-heading\">Lyon Nuisibles : Votre alli\u00e9 contre les rongeurs<\/h2>\n\n\n\n<pre class=\"wp-block-code\"><code>Avant toute intervention, nous effectuons un diagnostic pr\u00e9cis de l'infestation. Cela nous permet d'\u00e9valuer l'ampleur du probl\u00e8me et d'identifier les zones \u00e0 risque. Cette \u00e9tape est essentielle pour choisir la m\u00e9thode de d\u00e9ratisation la plus appropri\u00e9e.<\/code><\/pre>\n\n\n\n<pre class=\"wp-block-code\"><code>Des m\u00e9thodes \u00e9prouv\u00e9es et respectueuses de l'environnement<\/code><\/pre>\n\n\n\n<pre class=\"wp-block-code\"><code>Nous utilisons des techniques modernes et respectueuses de l'environnement pour \u00e9liminer les rongeurs. Que ce soit par l'utilisation de pi\u00e8ges, de r\u00e9pulsifs ou d'autres m\u00e9thodes, nous nous assurons que notre intervention soit discr\u00e8te et non intrusive autant que possible.<\/code><\/pre>\n\n\n\n<pre class=\"wp-block-code\"><code>Un suivi post-intervention<\/code><\/pre>\n\n\n\n<pre class=\"wp-block-code\"><code>La d\u00e9ratisation ne se limite pas \u00e0 l'\u00e9limination des rongeurs. Il est crucial de pr\u00e9venir leur retour. C'est pourquoi nous proposons un suivi apr\u00e8s notre intervention afin de garantir que votre espace reste exempt de rongeurs.<\/code><\/pre>\n\n\n\n<h2 class=\"wp-block-heading\">Comment pr\u00e9venir une infestation de rongeurs ?<\/h2>\n\n\n\n<pre class=\"wp-block-code\"><code>La pr\u00e9vention est essentielle pour \u00e9viter toute infestation. Voici quelques conseils pour \u00e9loigner les rongeurs :<\/code><\/pre>\n\n\n\n<ul class=\"wp-block-list\">\n<li>Stockez vos aliments dans des contenants herm\u00e9tiques.<\/li>\n\n\n\n<li>\u00c9liminez rapidement les d\u00e9chets et gardez vos poubelles bien ferm\u00e9es.<\/li>\n\n\n\n<li>Rebouchez les trous et fissures dans les murs, planchers et fondations.<\/li>\n\n\n\n<li>\u00c9vitez de laisser de la nourriture \u00e0 l&#8217;ext\u00e9rieur, que ce soit pour vos animaux ou pour les oiseaux.<\/li>\n<\/ul>\n\n\n\n<pre class=\"wp-block-code\"><code>Mais ce n'est pas tout. Les punaises de lit peuvent \u00e9galement causer du stress et de l'anxi\u00e9t\u00e9. Savoir que ces insectes se cachent dans votre lit pendant votre sommeil peut \u00eatre tr\u00e8s perturbant. De plus, une infestation peut avoir des r\u00e9percussions financi\u00e8res consid\u00e9rables, car le remplacement des meubles et des matelas peut \u00eatre co\u00fbteux.<\/code><\/pre>\n\n\n\n<h2 class=\"wp-block-heading\">Les risques sanitaires li\u00e9s aux rongeurs<\/h2>\n\n\n\n<pre class=\"wp-block-code\"><code>Les rongeurs sont porteurs de plusieurs maladies dangereuses pour l'homme, telles que la leptospirose, la peste, la tular\u00e9mie et la salmonellose. Ces infections peuvent entra\u00eener des complications s\u00e9rieuses pour la sant\u00e9. De plus, les rongeurs peuvent h\u00e9berger des parasites tels que les puces, les tiques et les acariens, qui sont eux-m\u00eames vecteurs d'autres maladies.<\/code><\/pre>\n\n\n\n<h2 class=\"wp-block-heading\">L&#8217;importance de faire appel \u00e0 des professionnels<\/h2>\n\n\n\n<pre class=\"wp-block-code\"><code>La d\u00e9ratisation est une d\u00e9marche qui n\u00e9cessite une approche s\u00e9rieuse. Une intervention mal conduite peut aggraver le probl\u00e8me et compromettre la sant\u00e9 des occupants. C'est pourquoi il est crucial de faire appel \u00e0 des professionnels comme Be Protect Nuisibles. Forts de notre expertise et de notre \u00e9quipement de pointe, nous assurons une \u00e9limination compl\u00e8te et durable des rongeurs.<\/code><\/pre>\n\n\n\n<div class=\"wp-block-group alignfull has-background-color has-white-color has-black-background-color has-text-color has-background has-link-color wp-elements-840538e89f9b38bdf29ffb9244ebdb49 is-vertical is-content-justification-stretch is-layout-flex wp-container-core-group-is-layout-47eb2bc5 wp-block-group-is-layout-flex\" style=\"min-height:40vh;margin-top:0;margin-bottom:0;padding-top:var(--wp--preset--spacing--60);padding-right:var(--wp--preset--spacing--40);padding-bottom:var(--wp--preset--spacing--60);padding-left:var(--wp--preset--spacing--40)\">\n<div class=\"wp-block-columns alignwide has-small-font-size is-layout-flex wp-container-core-columns-is-layout-9d6595d7 wp-block-columns-is-layout-flex\">\n<div class=\"wp-block-column is-layout-flow wp-block-column-is-layout-flow\">\n<p class=\"has-text-align-center\">Location<\/p>\n\n\n\n<p class=\"has-text-align-center\">LYON ,&nbsp;<br><br><\/p>\n\n\n\n<div style=\"height:24px\" aria-hidden=\"true\" class=\"wp-block-spacer\"><\/div>\n<\/div>\n\n\n\n<div class=\"wp-block-column is-layout-flow wp-block-column-is-layout-flow\">\n<p class=\"has-text-align-center\">Pages<\/p>\n\n\n<nav class=\"has-small-font-size items-justified-center is-vertical no-wrap wp-block-navigation is-content-justification-center is-nowrap is-layout-flex wp-container-core-navigation-is-layout-685400d0 wp-block-navigation-is-layout-flex\" aria-label=\"Primaire 2\"><ul class=\"wp-block-navigation__container has-small-font-size items-justified-center is-vertical no-wrap wp-block-navigation has-small-font-size\"><li class=\"has-small-font-size wp-block-navigation-item  menu-item menu-item-type-post_type menu-item-object-page wp-block-navigation-link\"><a class=\"wp-block-navigation-item__content\"  href=\"http:\/\/lyon-nuisible.fr\/index.php\/desinsectisation\/\" title=\"\"><span class=\"wp-block-navigation-item__label\">D\u00e9sinsectisation<\/span><\/a><\/li><\/ul><ul class=\"wp-block-navigation__container has-small-font-size items-justified-center is-vertical no-wrap wp-block-navigation has-small-font-size\"><li class=\"has-small-font-size wp-block-navigation-item  menu-item menu-item-type-post_type menu-item-object-page wp-block-navigation-link\"><a class=\"wp-block-navigation-item__content\"  href=\"http:\/\/lyon-nuisible.fr\/index.php\/desinfection\/\" title=\"\"><span class=\"wp-block-navigation-item__label\">D\u00e9sinfection<\/span><\/a><\/li><\/ul><ul class=\"wp-block-navigation__container has-small-font-size items-justified-center is-vertical no-wrap wp-block-navigation has-small-font-size\"><li class=\"has-small-font-size wp-block-navigation-item  menu-item menu-item-type-post_type menu-item-object-page wp-block-navigation-link\"><a class=\"wp-block-navigation-item__content\"  href=\"http:\/\/lyon-nuisible.fr\/index.php\/contact\/\" title=\"\"><span class=\"wp-block-navigation-item__label\">Contact<\/span><\/a><\/li><\/ul><\/nav>\n\n\n<div style=\"height:24px\" aria-hidden=\"true\" class=\"wp-block-spacer\"><\/div>\n<\/div>\n\n\n\n<div class=\"wp-block-column is-layout-flow wp-block-column-is-layout-flow\">\n<p class=\"has-text-align-center\">Follow us<\/p>\n\n\n\n<div class=\"wp-block-group is-vertical is-content-justification-center is-layout-flex wp-container-core-group-is-layout-bdd043ae wp-block-group-is-layout-flex\">\n<p><a href=\"#\">Facebook<\/a><\/p>\n\n\n\n<p><a href=\"#\">Instagram<\/a><\/p>\n\n\n\n<p><a href=\"#\">Twitter<\/a><\/p>\n<\/div>\n\n\n\n<div style=\"height:24px\" aria-hidden=\"true\" class=\"wp-block-spacer\"><\/div>\n<\/div>\n<\/div>\n\n\n\n<p class=\"has-text-align-center has-small-font-size\"><\/p>\n\n\n\n<div class=\"wp-block-group alignwide is-content-justification-center is-layout-flex wp-container-core-group-is-layout-5590e8cb wp-block-group-is-layout-flex\"><\/div>\n<\/div>\n","protected":false},"excerpt":{"rendered":"<p>L&#8217;incidence des rongeurs sur votre vie quotidienne Pourquoi la d\u00e9ratisation est-elle cruciale ? Lyon Nuisibles : Votre alli\u00e9 contre les rongeurs Comment pr\u00e9venir une infestation de rongeurs ? Les risques sanitaires li\u00e9s aux rongeurs L&#8217;importance de faire appel \u00e0 des professionnels Location LYON ,&nbsp; Pages Follow us Facebook Instagram Twitter<\/p>\n","protected":false},"author":1,"featured_media":0,"parent":0,"menu_order":0,"comment_status":"closed","ping_status":"closed","template":"","meta":{"footnotes":""},"class_list":["post-33","page","type-page","status-publish","hentry","grid-sizer"],"_links":{"self":[{"href":"https:\/\/lyon-nuisible.fr\/index.php\/wp-json\/wp\/v2\/pages\/33","targetHints":{"allow":["GET"]}}],"collection":[{"href":"https:\/\/lyon-nuisible.fr\/index.php\/wp-json\/wp\/v2\/pages"}],"about":[{"href":"https:\/\/lyon-nuisible.fr\/index.php\/wp-json\/wp\/v2\/types\/page"}],"author":[{"embeddable":true,"href":"https:\/\/lyon-nuisible.fr\/index.php\/wp-json\/wp\/v2\/users\/1"}],"replies":[{"embeddable":true,"href":"https:\/\/lyon-nuisible.fr\/index.php\/wp-json\/wp\/v2\/comments?post=33"}],"version-history":[{"count":9,"href":"https:\/\/lyon-nuisible.fr\/index.php\/wp-json\/wp\/v2\/pages\/33\/revisions"}],"predecessor-version":[{"id":147,"href":"https:\/\/lyon-nuisible.fr\/index.php\/wp-json\/wp\/v2\/pages\/33\/revisions\/147"}],"wp:attachment":[{"href":"https:\/\/lyon-nuisible.fr\/index.php\/wp-json\/wp\/v2\/media?parent=33"}],"curies":[{"name":"wp","href":"https:\/\/api.w.org\/{rel}","templated":true}]}}