{"id":28,"date":"2023-12-25T13:50:55","date_gmt":"2023-12-25T12:50:55","guid":{"rendered":"https:\/\/lyon-nuisible.fr\/?page_id=28"},"modified":"2024-07-14T14:14:22","modified_gmt":"2024-07-14T12:14:22","slug":"desinsectisation","status":"publish","type":"page","link":"https:\/\/lyon-nuisible.fr\/index.php\/desinsectisation\/","title":{"rendered":"Punaises de lit D\u00e9sinsectisation"},"content":{"rendered":"\n<div class=\"wp-block-group alignfull is-content-justification-space-between is-layout-flex wp-container-core-group-is-layout-0b2df045 wp-block-group-is-layout-flex\" style=\"padding-top:var(--wp--preset--spacing--30);padding-right:var(--wp--preset--spacing--30);padding-bottom:var(--wp--preset--spacing--30);padding-left:var(--wp--preset--spacing--30)\">\n<div class=\"wp-block-group is-layout-flex wp-block-group-is-layout-flex\">\n\n<nav class=\"is-responsive items-justified-right wp-block-navigation is-content-justification-right is-layout-flex wp-container-core-navigation-is-layout-3817c3ed wp-block-navigation-is-layout-flex\" aria-label=\"Primaire\" \n\t\t data-wp-interactive=\"core\/navigation\" data-wp-context='{\"overlayOpenedBy\":{\"click\":false,\"hover\":false,\"focus\":false},\"type\":\"overlay\",\"roleAttribute\":\"\",\"ariaLabel\":\"Menu\"}'><button aria-haspopup=\"dialog\" aria-label=\"Open menu\" class=\"wp-block-navigation__responsive-container-open\" \n\t\t\t\tdata-wp-on--click=\"actions.openMenuOnClick\"\n\t\t\t\tdata-wp-on--keydown=\"actions.handleMenuKeydown\"\n\t\t\t><svg width=\"24\" height=\"24\" xmlns=\"http:\/\/www.w3.org\/2000\/svg\" viewBox=\"0 0 24 24\" aria-hidden=\"true\" focusable=\"false\"><path d=\"M4 7.5h16v1.5H4z\"><\/path><path d=\"M4 15h16v1.5H4z\"><\/path><\/svg><\/button>\n\t\t\t\t<div class=\"wp-block-navigation__responsive-container\"  id=\"modal-1\" \n\t\t\t\tdata-wp-class--has-modal-open=\"state.isMenuOpen\"\n\t\t\t\tdata-wp-class--is-menu-open=\"state.isMenuOpen\"\n\t\t\t\tdata-wp-watch=\"callbacks.initMenu\"\n\t\t\t\tdata-wp-on--keydown=\"actions.handleMenuKeydown\"\n\t\t\t\tdata-wp-on--focusout=\"actions.handleMenuFocusout\"\n\t\t\t\ttabindex=\"-1\"\n\t\t\t>\n\t\t\t\t\t<div class=\"wp-block-navigation__responsive-close\" tabindex=\"-1\">\n\t\t\t\t\t\t<div class=\"wp-block-navigation__responsive-dialog\" \n\t\t\t\tdata-wp-bind--aria-modal=\"state.ariaModal\"\n\t\t\t\tdata-wp-bind--aria-label=\"state.ariaLabel\"\n\t\t\t\tdata-wp-bind--role=\"state.roleAttribute\"\n\t\t\t>\n\t\t\t\t\t\t\t<button aria-label=\"Close menu\" class=\"wp-block-navigation__responsive-container-close\" \n\t\t\t\tdata-wp-on--click=\"actions.closeMenuOnClick\"\n\t\t\t><svg xmlns=\"http:\/\/www.w3.org\/2000\/svg\" viewBox=\"0 0 24 24\" width=\"24\" height=\"24\" aria-hidden=\"true\" focusable=\"false\"><path d=\"m13.06 12 6.47-6.47-1.06-1.06L12 10.94 5.53 4.47 4.47 5.53 10.94 12l-6.47 6.47 1.06 1.06L12 13.06l6.47 6.47 1.06-1.06L13.06 12Z\"><\/path><\/svg><\/button>\n\t\t\t\t\t\t\t<div class=\"wp-block-navigation__responsive-container-content\" \n\t\t\t\tdata-wp-watch=\"callbacks.focusFirstElement\"\n\t\t\t id=\"modal-1-content\">\n\t\t\t\t\t\t\t\t<ul class=\"wp-block-navigation__container is-responsive items-justified-right wp-block-navigation\"><li class=\" wp-block-navigation-item  menu-item menu-item-type-post_type menu-item-object-page wp-block-navigation-link\"><a class=\"wp-block-navigation-item__content\"  href=\"http:\/\/lyon-nuisible.fr\/index.php\/desinsectisation\/\" title=\"\"><span class=\"wp-block-navigation-item__label\">D\u00e9sinsectisation<\/span><\/a><\/li><\/ul><ul class=\"wp-block-navigation__container is-responsive items-justified-right wp-block-navigation\"><li class=\" wp-block-navigation-item  menu-item menu-item-type-post_type menu-item-object-page wp-block-navigation-link\"><a class=\"wp-block-navigation-item__content\"  href=\"http:\/\/lyon-nuisible.fr\/index.php\/desinfection\/\" title=\"\"><span class=\"wp-block-navigation-item__label\">D\u00e9sinfection<\/span><\/a><\/li><\/ul><ul class=\"wp-block-navigation__container is-responsive items-justified-right wp-block-navigation\"><li class=\" wp-block-navigation-item  menu-item menu-item-type-post_type menu-item-object-page wp-block-navigation-link\"><a class=\"wp-block-navigation-item__content\"  href=\"http:\/\/lyon-nuisible.fr\/index.php\/contact\/\" title=\"\"><span class=\"wp-block-navigation-item__label\">Contact<\/span><\/a><\/li><\/ul>\n\t\t\t\t\t\t\t<\/div>\n\t\t\t\t\t\t<\/div>\n\t\t\t\t\t<\/div>\n\t\t\t\t<\/div><\/nav>\n\n\n<div class=\"wp-block-group is-vertical is-layout-flex wp-container-core-group-is-layout-5d5a54e7 wp-block-group-is-layout-flex\"><\/div>\n<\/div>\n\n\n\n<div class=\"wp-block-cover alignfull is-light\" style=\"margin-top:0;min-height:40vw;aspect-ratio:unset;\"><span aria-hidden=\"true\" class=\"wp-block-cover__background has-black-background-color has-background-dim-0 has-background-dim\"><\/span><img decoding=\"async\" class=\"wp-block-cover__image-background wp-image-61\" alt=\"\" src=\"https:\/\/img.rawpixel.com\/s3fs-private\/rawpixel_images\/website_content\/a017-eberhard-cco-the-after-rain.jpg?w=1200&amp;h=1200&amp;fit=clip&amp;crop=default&amp;dpr=1&amp;q=75&amp;vib=3&amp;con=3&amp;usm=15&amp;cs=srgb&amp;bg=F4F4F3&amp;ixlib=js-2.2.1&amp;s=e7b4ca0a0edcc84ba48c1f7ebf02dd5a\" style=\"object-position:50% 50%\" data-object-fit=\"cover\" data-object-position=\"50% 50%\"\/><div class=\"wp-block-cover__inner-container is-layout-flow wp-block-cover-is-layout-flow\">\n<pre class=\"wp-block-code has-white-color has-text-color has-link-color wp-elements-903772fe7e59e5ef76f7e061b2b028d0\"><code>Lyon Nuisibles intervient pour l\u2019extermination des punaises de lit. Nous sommes en mesure de traiter vos probl\u00e8mes de punaises de lit \u00e0 domicile, dans les transports, ou dans vos locaux professionnels.<\/code><\/pre>\n\n\n\n<h2 class=\"wp-block-heading\">DEMANDER UN DEVIS GRATUIT<\/h2>\n\n\n\n<div class=\"wp-block-columns is-layout-flex wp-container-core-columns-is-layout-9d6595d7 wp-block-columns-is-layout-flex\">\n<div class=\"wp-block-column is-layout-flow wp-block-column-is-layout-flow\">\n<div class=\"wp-block-buttons is-layout-flex wp-block-buttons-is-layout-flex\">\n<div class=\"wp-block-button is-style-outline is-style-outline--2\"><a class=\"wp-block-button__link has-white-background-color has-background wp-element-button\">NUMERO DE TELEPHONE<\/a><\/div>\n<\/div>\n\n\n\n<div class=\"wp-block-buttons is-layout-flex wp-block-buttons-is-layout-flex\">\n<div class=\"wp-block-button is-style-outline is-style-outline--3\"><a class=\"wp-block-button__link has-white-color has-black-background-color has-text-color has-background has-link-color wp-element-button\">FORMULAIRE DE CONTACT<\/a><\/div>\n<\/div>\n<\/div>\n<\/div>\n<\/div><\/div>\n<\/div>\n\n\n\n<h2 class=\"wp-block-heading\">Une seule solution<\/h2>\n\n\n\n<div class=\"wp-block-columns is-layout-flex wp-container-core-columns-is-layout-9d6595d7 wp-block-columns-is-layout-flex\">\n<div class=\"wp-block-column is-layout-flow wp-block-column-is-layout-flow\">\n<h2 class=\"wp-block-heading\">Pourquoi choisir Lyon Nuisibles pour le traitement des punaises de lit?<\/h2>\n\n\n\n<pre class=\"wp-block-code\"><code>Vous connaissez ces petites cr\u00e9atures qui se glissent furtivement la nuit pour vous piquer pendant votre sommeil ? Oui, nous faisons r\u00e9f\u00e9rence aux punaises de lit. Ces nuisibles peuvent transformer vos nuits en v\u00e9ritable cauchemar. Mais pas de panique, Be Protect Nuisibles est l\u00e0 pour vous assister. Notre entreprise propose deux solutions de traitement : la m\u00e9thode chimique et la m\u00e9thode thermique. Ces deux approches sont efficaces pour traiter vos probl\u00e8mes de punaises de lit de mani\u00e8re efficace.<\/code><\/pre>\n\n\n\n<h2 class=\"wp-block-heading\">Traitement \u00e0 domicile : retrouvez la tranquillit\u00e9 de votre cocon<\/h2>\n\n\n\n<pre class=\"wp-block-code\"><code>Votre domicile est votre refuge, o\u00f9 vous devriez vous sentir en s\u00e9curit\u00e9 et \u00e0 l'aise. Cependant, une infestation de punaises de lit peut perturber cette tranquillit\u00e9. Chez Be Protect Nuisibles, nous comprenons parfaitement cela. C'est pourquoi nous proposons un traitement \u00e0 domicile rapide et efficace. Nos sp\u00e9cialistes se rendront chez vous, \u00e9valueront la situation et mettront en \u0153uvre les m\u00e9thodes les plus adapt\u00e9es pour \u00e9liminer ces nuisibles. Le meilleur dans tout \u00e7a ? Vous n'aurez pas besoin de quitter votre maison pendant le traitement.<\/code><\/pre>\n\n\n\n<h2 class=\"wp-block-heading\">\u00c9tablissements publics et entreprises : prot\u00e9gez votre r\u00e9putation<\/h2>\n\n\n\n<pre class=\"wp-block-code\"><code>Les punaises de lit ne se contentent pas d'envahir les domiciles. Elles peuvent \u00e9galement infester les h\u00f4tels, les auberges, les bureaux et d'autres \u00e9tablissements publics. Une infestation dans un lieu fr\u00e9quent\u00e9 peut s\u00e9rieusement ternir la r\u00e9putation de votre entreprise. Chez Be Protect Nuisibles, nous proposons des solutions sp\u00e9cifiquement adapt\u00e9es aux \u00e9tablissements publics et aux entreprises. Nous intervenons avec discr\u00e9tion pour assurer la continuit\u00e9 de votre activit\u00e9 sans interruption.<\/code><\/pre>\n\n\n\n<h2 class=\"wp-block-heading\">Comment fonctionne notre m\u00e9thode vapeur ?<\/h2>\n\n\n\n<pre class=\"wp-block-code\"><code>Vous vous demandez peut-\u00eatre comment nous parvenons \u00e0 \u00e9liminer ces nuisibles tenaces. Notre approche combine expertise, exp\u00e9rience et utilisation des derni\u00e8res technologies. Nous d\u00e9butons par une \u00e9valuation minutieuse de l'infestation pour d\u00e9terminer son ampleur et choisir la m\u00e9thode de traitement optimale. Ensuite, nos sp\u00e9cialistes qualifi\u00e9s emploient un traitement thermique par vapeur \u00e0 l'aide d'une tente chauffante \u00e0 57 degr\u00e9s et d'un g\u00e9n\u00e9rateur de vapeur s\u00e8che, garantissant une \u00e9limination instantan\u00e9e des punaises et de leurs \u0153ufs. Apr\u00e8s notre intervention, aucune punaise de lit ne survit \u00e0 notre traitement.<\/code><\/pre>\n\n\n\n<h2 class=\"wp-block-heading\">Comment fonctionne notre m\u00e9thode chimique ?<\/h2>\n\n\n\n<pre class=\"wp-block-code\"><code>L'application d'un traitement chimique contre les punaises de lit repr\u00e9sente une solution efficace et \u00e9prouv\u00e9e pour lib\u00e9rer votre espace de vie de ces nuisibles tenaces. En choisissant notre service professionnel, vous b\u00e9n\u00e9ficiez d'une approche minutieuse qui commence par une inspection rigoureuse de votre domicile, permettant d'identifier pr\u00e9cis\u00e9ment les zones d'infestation. Nous pr\u00e9parons ensuite m\u00e9ticuleusement votre habitation, en garantissant la s\u00e9curit\u00e9 de vos biens tout en cr\u00e9ant les conditions optimales pour un traitement efficace.<\/code><\/pre>\n\n\n\n<pre class=\"wp-block-code\"><code>Nous utilisons des pesticides sp\u00e9cialement s\u00e9lectionn\u00e9s pour leur efficacit\u00e9 contre les punaises de lit, traitant toutes les zones critiques avec une attention particuli\u00e8re aux endroits o\u00f9 ces parasites se cachent et se reproduisent. Notre m\u00e9thode inclut une n\u00e9bulisation avec un insecticide contenant un r\u00e9gulateur de croissance, qui \u00e9limine les punaises vivantes initialement, puis agit sur les \u0153ufs qui \u00e9closent dans les deux semaines suivant le traitement. Dans 90% des cas, un seul traitement suffit pour \u00e9liminer compl\u00e8tement les punaises de lit.<\/code><\/pre>\n\n\n\n<h2 class=\"wp-block-heading\">Pourquoi les punaises de lit sont-elles un probl\u00e8me?<\/h2>\n\n\n\n<pre class=\"wp-block-code\"><code>Les punaises de lit sont de petits insectes se nourrissant du sang humain et animal. Leurs piq\u00fbres peuvent entra\u00eener des d\u00e9mangeaisons, des rougeurs et parfois des r\u00e9actions allergiques. Leur capacit\u00e9 \u00e0 survivre pendant des mois sans nourriture les rend particuli\u00e8rement r\u00e9sistantes et difficiles \u00e0 \u00e9liminer. Leur reproduction rapide contribue \u00e0 la propagation rapide d'une infestation.<\/code><\/pre>\n\n\n\n<pre class=\"wp-block-code\"><code>Mais ce n'est pas tout. Les punaises de lit peuvent \u00e9galement engendrer du stress et de l'anxi\u00e9t\u00e9. Le fait de savoir que ces insectes rampent dans votre lit pendant votre sommeil peut \u00eatre profond\u00e9ment perturbant. En outre, une infestation peut avoir des cons\u00e9quences financi\u00e8res importantes, car remplacer les meubles et les matelas peut s'av\u00e9rer co\u00fbteux.<\/code><\/pre>\n<\/div>\n\n\n\n<div class=\"wp-block-column is-layout-flow wp-block-column-is-layout-flow\">\n<figure class=\"wp-block-image size-full\"><img loading=\"lazy\" decoding=\"async\" width=\"400\" height=\"284\" src=\"http:\/\/lyon-nuisible.fr\/wp-content\/uploads\/2024\/07\/IMG_6017-400x284-1.jpeg\" alt=\"\" class=\"wp-image-153\" srcset=\"https:\/\/lyon-nuisible.fr\/wp-content\/uploads\/2024\/07\/IMG_6017-400x284-1.jpeg 400w, https:\/\/lyon-nuisible.fr\/wp-content\/uploads\/2024\/07\/IMG_6017-400x284-1-300x213.jpeg 300w, https:\/\/lyon-nuisible.fr\/wp-content\/uploads\/2024\/07\/IMG_6017-400x284-1-85x60.jpeg 85w\" sizes=\"auto, (max-width: 400px) 100vw, 400px\" \/><\/figure>\n\n\n\n<figure class=\"wp-block-image size-large\"><img loading=\"lazy\" decoding=\"async\" width=\"1024\" height=\"768\" src=\"http:\/\/lyon-nuisible.fr\/wp-content\/uploads\/2024\/07\/IMG_6016-scaled-1-1024x768.jpeg\" alt=\"\" class=\"wp-image-154\" srcset=\"https:\/\/lyon-nuisible.fr\/wp-content\/uploads\/2024\/07\/IMG_6016-scaled-1-1024x768.jpeg 1024w, https:\/\/lyon-nuisible.fr\/wp-content\/uploads\/2024\/07\/IMG_6016-scaled-1-300x225.jpeg 300w, https:\/\/lyon-nuisible.fr\/wp-content\/uploads\/2024\/07\/IMG_6016-scaled-1-768x576.jpeg 768w, https:\/\/lyon-nuisible.fr\/wp-content\/uploads\/2024\/07\/IMG_6016-scaled-1-1536x1152.jpeg 1536w, https:\/\/lyon-nuisible.fr\/wp-content\/uploads\/2024\/07\/IMG_6016-scaled-1-2048x1536.jpeg 2048w, https:\/\/lyon-nuisible.fr\/wp-content\/uploads\/2024\/07\/IMG_6016-scaled-1-80x60.jpeg 80w, https:\/\/lyon-nuisible.fr\/wp-content\/uploads\/2024\/07\/IMG_6016-scaled-1-640x480.jpeg 640w, https:\/\/lyon-nuisible.fr\/wp-content\/uploads\/2024\/07\/IMG_6016-scaled-1-110x83.jpeg 110w\" sizes=\"auto, (max-width: 1024px) 100vw, 1024px\" \/><\/figure>\n\n\n<div class=\"wp-block-image\">\n<figure class=\"aligncenter size-large is-resized\"><img loading=\"lazy\" decoding=\"async\" width=\"768\" height=\"1024\" src=\"http:\/\/lyon-nuisible.fr\/wp-content\/uploads\/2024\/07\/IMG_6371-scaled-1-768x1024.jpeg\" alt=\"\" class=\"wp-image-156\" style=\"width:411px;height:auto\" srcset=\"https:\/\/lyon-nuisible.fr\/wp-content\/uploads\/2024\/07\/IMG_6371-scaled-1-768x1024.jpeg 768w, https:\/\/lyon-nuisible.fr\/wp-content\/uploads\/2024\/07\/IMG_6371-scaled-1-225x300.jpeg 225w, https:\/\/lyon-nuisible.fr\/wp-content\/uploads\/2024\/07\/IMG_6371-scaled-1-1152x1536.jpeg 1152w, https:\/\/lyon-nuisible.fr\/wp-content\/uploads\/2024\/07\/IMG_6371-scaled-1-1536x2048.jpeg 1536w, https:\/\/lyon-nuisible.fr\/wp-content\/uploads\/2024\/07\/IMG_6371-scaled-1-45x60.jpeg 45w, https:\/\/lyon-nuisible.fr\/wp-content\/uploads\/2024\/07\/IMG_6371-scaled-1.jpeg 1920w\" sizes=\"auto, (max-width: 768px) 100vw, 768px\" \/><\/figure>\n<\/div><\/div>\n<\/div>\n\n\n\n<pre class=\"wp-block-code\"><code>N'accordez pas aux punaises de lit le pouvoir de perturber votre tranquillit\u00e9 d\u2019esprit. Si vous suspectez une infestation, contactez d\u00e8s aujourd\u2019hui Be Protect Nuisibles. Notre \u00e9quipe d\u2019experts est pr\u00eate \u00e0 intervenir pour \u00e9liminer ces nuisibles d\u00e9finitivement. Gr\u00e2ce \u00e0 notre intervention, retrouvez des nuits paisibles sans vous soucier des punaises de lit.<\/code><\/pre>\n\n\n\n<div class=\"wp-block-columns is-layout-flex wp-container-core-columns-is-layout-9d6595d7 wp-block-columns-is-layout-flex\">\n<div class=\"wp-block-column is-layout-flow wp-block-column-is-layout-flow\">\n<div class=\"wp-block-group alignfull has-background-color has-white-color has-black-background-color has-text-color has-background has-link-color wp-elements-840538e89f9b38bdf29ffb9244ebdb49 is-vertical is-content-justification-stretch is-layout-flex wp-container-core-group-is-layout-47eb2bc5 wp-block-group-is-layout-flex\" style=\"min-height:40vh;margin-top:0;margin-bottom:0;padding-top:var(--wp--preset--spacing--60);padding-right:var(--wp--preset--spacing--40);padding-bottom:var(--wp--preset--spacing--60);padding-left:var(--wp--preset--spacing--40)\">\n<div class=\"wp-block-columns alignwide has-small-font-size is-layout-flex wp-container-core-columns-is-layout-9d6595d7 wp-block-columns-is-layout-flex\">\n<div class=\"wp-block-column is-layout-flow wp-block-column-is-layout-flow\">\n<p class=\"has-text-align-center\">Location<\/p>\n\n\n\n<p class=\"has-text-align-center\">LYON ,&nbsp;<br><br><\/p>\n\n\n\n<div style=\"height:24px\" aria-hidden=\"true\" class=\"wp-block-spacer\"><\/div>\n<\/div>\n\n\n\n<div class=\"wp-block-column is-layout-flow wp-block-column-is-layout-flow\">\n<p class=\"has-text-align-center\">Pages<\/p>\n\n\n<nav class=\"has-small-font-size items-justified-center is-vertical no-wrap wp-block-navigation is-content-justification-center is-nowrap is-layout-flex wp-container-core-navigation-is-layout-685400d0 wp-block-navigation-is-layout-flex\" aria-label=\"Primaire 2\"><ul class=\"wp-block-navigation__container has-small-font-size items-justified-center is-vertical no-wrap wp-block-navigation has-small-font-size\"><li class=\"has-small-font-size wp-block-navigation-item  menu-item menu-item-type-post_type menu-item-object-page wp-block-navigation-link\"><a class=\"wp-block-navigation-item__content\"  href=\"http:\/\/lyon-nuisible.fr\/index.php\/desinsectisation\/\" title=\"\"><span class=\"wp-block-navigation-item__label\">D\u00e9sinsectisation<\/span><\/a><\/li><\/ul><ul class=\"wp-block-navigation__container has-small-font-size items-justified-center is-vertical no-wrap wp-block-navigation has-small-font-size\"><li class=\"has-small-font-size wp-block-navigation-item  menu-item menu-item-type-post_type menu-item-object-page wp-block-navigation-link\"><a class=\"wp-block-navigation-item__content\"  href=\"http:\/\/lyon-nuisible.fr\/index.php\/desinfection\/\" title=\"\"><span class=\"wp-block-navigation-item__label\">D\u00e9sinfection<\/span><\/a><\/li><\/ul><ul class=\"wp-block-navigation__container has-small-font-size items-justified-center is-vertical no-wrap wp-block-navigation has-small-font-size\"><li class=\"has-small-font-size wp-block-navigation-item  menu-item menu-item-type-post_type menu-item-object-page wp-block-navigation-link\"><a class=\"wp-block-navigation-item__content\"  href=\"http:\/\/lyon-nuisible.fr\/index.php\/contact\/\" title=\"\"><span class=\"wp-block-navigation-item__label\">Contact<\/span><\/a><\/li><\/ul><\/nav>\n\n\n<div style=\"height:24px\" aria-hidden=\"true\" class=\"wp-block-spacer\"><\/div>\n<\/div>\n\n\n\n<div class=\"wp-block-column is-layout-flow wp-block-column-is-layout-flow\">\n<p class=\"has-text-align-center\">Follow us<\/p>\n\n\n\n<div class=\"wp-block-group is-vertical is-content-justification-center is-layout-flex wp-container-core-group-is-layout-bdd043ae wp-block-group-is-layout-flex\">\n<p><a href=\"#\">Facebook<\/a><\/p>\n\n\n\n<p><a href=\"#\">Instagram<\/a><\/p>\n\n\n\n<p><a href=\"#\">Twitter<\/a><\/p>\n<\/div>\n\n\n\n<div style=\"height:24px\" aria-hidden=\"true\" class=\"wp-block-spacer\"><\/div>\n<\/div>\n<\/div>\n\n\n\n<p class=\"has-text-align-center has-small-font-size\"><\/p>\n\n\n\n<div class=\"wp-block-group alignwide is-content-justification-center is-layout-flex wp-container-core-group-is-layout-5590e8cb wp-block-group-is-layout-flex\"><\/div>\n<\/div>\n<\/div>\n<\/div>\n","protected":false},"excerpt":{"rendered":"<p>Une seule solution Pourquoi choisir Lyon Nuisibles pour le traitement des punaises de lit? Traitement \u00e0 domicile : retrouvez la tranquillit\u00e9 de votre cocon \u00c9tablissements publics et entreprises : prot\u00e9gez votre r\u00e9putation Comment fonctionne notre m\u00e9thode vapeur ? Comment fonctionne notre m\u00e9thode chimique ? Pourquoi les punaises de lit sont-elles un probl\u00e8me? Location LYON ,&nbsp; &hellip; <\/p>\n","protected":false},"author":1,"featured_media":0,"parent":0,"menu_order":0,"comment_status":"closed","ping_status":"closed","template":"","meta":{"footnotes":""},"class_list":["post-28","page","type-page","status-publish","hentry","grid-sizer"],"_links":{"self":[{"href":"https:\/\/lyon-nuisible.fr\/index.php\/wp-json\/wp\/v2\/pages\/28","targetHints":{"allow":["GET"]}}],"collection":[{"href":"https:\/\/lyon-nuisible.fr\/index.php\/wp-json\/wp\/v2\/pages"}],"about":[{"href":"https:\/\/lyon-nuisible.fr\/index.php\/wp-json\/wp\/v2\/types\/page"}],"author":[{"embeddable":true,"href":"https:\/\/lyon-nuisible.fr\/index.php\/wp-json\/wp\/v2\/users\/1"}],"replies":[{"embeddable":true,"href":"https:\/\/lyon-nuisible.fr\/index.php\/wp-json\/wp\/v2\/comments?post=28"}],"version-history":[{"count":8,"href":"https:\/\/lyon-nuisible.fr\/index.php\/wp-json\/wp\/v2\/pages\/28\/revisions"}],"predecessor-version":[{"id":169,"href":"https:\/\/lyon-nuisible.fr\/index.php\/wp-json\/wp\/v2\/pages\/28\/revisions\/169"}],"wp:attachment":[{"href":"https:\/\/lyon-nuisible.fr\/index.php\/wp-json\/wp\/v2\/media?parent=28"}],"curies":[{"name":"wp","href":"https:\/\/api.w.org\/{rel}","templated":true}]}}