{"id":179,"date":"2024-07-13T00:49:28","date_gmt":"2024-07-12T22:49:28","guid":{"rendered":"http:\/\/lyon-nuisible.fr\/?page_id=179"},"modified":"2024-07-13T00:49:28","modified_gmt":"2024-07-12T22:49:28","slug":"autres-nuisibles-desinsectisation","status":"publish","type":"page","link":"https:\/\/lyon-nuisible.fr\/index.php\/autres-nuisibles-desinsectisation\/","title":{"rendered":"Autres nuisibles : d\u00e9sinsectisation"},"content":{"rendered":"\n<div class=\"wp-block-group is-layout-flex wp-block-group-is-layout-flex\">\n\n<nav class=\"is-responsive items-justified-right wp-block-navigation is-content-justification-right is-layout-flex wp-container-core-navigation-is-layout-3817c3ed wp-block-navigation-is-layout-flex\" aria-label=\"Primaire\" \n\t\t data-wp-interactive=\"core\/navigation\" data-wp-context='{\"overlayOpenedBy\":{\"click\":false,\"hover\":false,\"focus\":false},\"type\":\"overlay\",\"roleAttribute\":\"\",\"ariaLabel\":\"Menu\"}'><button aria-haspopup=\"dialog\" aria-label=\"Open menu\" class=\"wp-block-navigation__responsive-container-open\" \n\t\t\t\tdata-wp-on--click=\"actions.openMenuOnClick\"\n\t\t\t\tdata-wp-on--keydown=\"actions.handleMenuKeydown\"\n\t\t\t><svg width=\"24\" height=\"24\" xmlns=\"http:\/\/www.w3.org\/2000\/svg\" viewBox=\"0 0 24 24\" aria-hidden=\"true\" focusable=\"false\"><path d=\"M4 7.5h16v1.5H4z\"><\/path><path d=\"M4 15h16v1.5H4z\"><\/path><\/svg><\/button>\n\t\t\t\t<div class=\"wp-block-navigation__responsive-container\"  id=\"modal-1\" \n\t\t\t\tdata-wp-class--has-modal-open=\"state.isMenuOpen\"\n\t\t\t\tdata-wp-class--is-menu-open=\"state.isMenuOpen\"\n\t\t\t\tdata-wp-watch=\"callbacks.initMenu\"\n\t\t\t\tdata-wp-on--keydown=\"actions.handleMenuKeydown\"\n\t\t\t\tdata-wp-on--focusout=\"actions.handleMenuFocusout\"\n\t\t\t\ttabindex=\"-1\"\n\t\t\t>\n\t\t\t\t\t<div class=\"wp-block-navigation__responsive-close\" tabindex=\"-1\">\n\t\t\t\t\t\t<div class=\"wp-block-navigation__responsive-dialog\" \n\t\t\t\tdata-wp-bind--aria-modal=\"state.ariaModal\"\n\t\t\t\tdata-wp-bind--aria-label=\"state.ariaLabel\"\n\t\t\t\tdata-wp-bind--role=\"state.roleAttribute\"\n\t\t\t>\n\t\t\t\t\t\t\t<button aria-label=\"Close menu\" class=\"wp-block-navigation__responsive-container-close\" \n\t\t\t\tdata-wp-on--click=\"actions.closeMenuOnClick\"\n\t\t\t><svg xmlns=\"http:\/\/www.w3.org\/2000\/svg\" viewBox=\"0 0 24 24\" width=\"24\" height=\"24\" aria-hidden=\"true\" focusable=\"false\"><path d=\"m13.06 12 6.47-6.47-1.06-1.06L12 10.94 5.53 4.47 4.47 5.53 10.94 12l-6.47 6.47 1.06 1.06L12 13.06l6.47 6.47 1.06-1.06L13.06 12Z\"><\/path><\/svg><\/button>\n\t\t\t\t\t\t\t<div class=\"wp-block-navigation__responsive-container-content\" \n\t\t\t\tdata-wp-watch=\"callbacks.focusFirstElement\"\n\t\t\t id=\"modal-1-content\">\n\t\t\t\t\t\t\t\t<ul class=\"wp-block-navigation__container is-responsive items-justified-right wp-block-navigation\"><li class=\" wp-block-navigation-item  menu-item menu-item-type-post_type menu-item-object-page wp-block-navigation-link\"><a class=\"wp-block-navigation-item__content\"  href=\"http:\/\/lyon-nuisible.fr\/index.php\/desinsectisation\/\" title=\"\"><span class=\"wp-block-navigation-item__label\">D\u00e9sinsectisation<\/span><\/a><\/li><\/ul><ul class=\"wp-block-navigation__container is-responsive items-justified-right wp-block-navigation\"><li class=\" wp-block-navigation-item  menu-item menu-item-type-post_type menu-item-object-page wp-block-navigation-link\"><a class=\"wp-block-navigation-item__content\"  href=\"http:\/\/lyon-nuisible.fr\/index.php\/desinfection\/\" title=\"\"><span class=\"wp-block-navigation-item__label\">D\u00e9sinfection<\/span><\/a><\/li><\/ul><ul class=\"wp-block-navigation__container is-responsive items-justified-right wp-block-navigation\"><li class=\" wp-block-navigation-item  menu-item menu-item-type-post_type menu-item-object-page wp-block-navigation-link\"><a class=\"wp-block-navigation-item__content\"  href=\"http:\/\/lyon-nuisible.fr\/index.php\/contact\/\" title=\"\"><span class=\"wp-block-navigation-item__label\">Contact<\/span><\/a><\/li><\/ul>\n\t\t\t\t\t\t\t<\/div>\n\t\t\t\t\t\t<\/div>\n\t\t\t\t\t<\/div>\n\t\t\t\t<\/div><\/nav>\n\n\n<div class=\"wp-block-group is-vertical is-layout-flex wp-container-core-group-is-layout-5d5a54e7 wp-block-group-is-layout-flex\"><\/div>\n<\/div>\n\n\n\n<div class=\"wp-block-cover alignfull is-light\" style=\"margin-top:0;min-height:523px;aspect-ratio:unset;\"><span aria-hidden=\"true\" class=\"wp-block-cover__background has-black-background-color has-background-dim-0 has-background-dim\"><\/span><img decoding=\"async\" class=\"wp-block-cover__image-background wp-image-61\" alt=\"\" src=\"https:\/\/img.rawpixel.com\/s3fs-private\/rawpixel_images\/website_content\/a017-eberhard-cco-the-after-rain.jpg?w=1200&amp;h=1200&amp;fit=clip&amp;crop=default&amp;dpr=1&amp;q=75&amp;vib=3&amp;con=3&amp;usm=15&amp;cs=srgb&amp;bg=F4F4F3&amp;ixlib=js-2.2.1&amp;s=e7b4ca0a0edcc84ba48c1f7ebf02dd5a\" style=\"object-position:48% 62%\" data-object-fit=\"cover\" data-object-position=\"48% 62%\"\/><div class=\"wp-block-cover__inner-container is-layout-flow wp-block-cover-is-layout-flow\">\n<p class=\"has-white-color has-text-color has-link-color wp-elements-d1a18e9181e90e42ff07436b29cad88c\">Qu\u2019il s\u2019agisse de la petite fourmi exploratrice dans votre cuisine, du moustique tigre piquant \u00e0 l\u2019ext\u00e9rieur, des mites d\u00e9vorant vos v\u00eatements, des puces tourmentant vos animaux ou des fouines s\u2019installant dans votre grenier, chaque type de nuisible pr\u00e9sente ses d\u00e9fis uniques. Mais une chose est certaine : Be Protect Nuisibles est votre alli\u00e9 pour les \u00e9liminer gr\u00e2ce \u00e0 notre service de d\u00e9sinsectisation.<\/p>\n\n\n\n<h2 class=\"wp-block-heading\">DEMANDER UN DEVIS GRATUIT<\/h2>\n\n\n\n<div class=\"wp-block-columns is-layout-flex wp-container-core-columns-is-layout-9d6595d7 wp-block-columns-is-layout-flex\">\n<div class=\"wp-block-column is-layout-flow wp-block-column-is-layout-flow\">\n<div class=\"wp-block-buttons is-layout-flex wp-block-buttons-is-layout-flex\">\n<div class=\"wp-block-button is-style-outline is-style-outline--2\"><a class=\"wp-block-button__link has-white-background-color has-background wp-element-button\">NUMERO DE TELEPHONE<\/a><\/div>\n<\/div>\n\n\n\n<div class=\"wp-block-buttons is-layout-flex wp-block-buttons-is-layout-flex\">\n<div class=\"wp-block-button is-style-outline is-style-outline--3\"><a class=\"wp-block-button__link has-white-color has-black-background-color has-text-color has-background has-link-color wp-element-button\">FORMULAIRE DE CONTACT<\/a><\/div>\n<\/div>\n<\/div>\n<\/div>\n<\/div><\/div>\n\n\n\n<div class=\"wp-block-columns is-layout-flex wp-container-core-columns-is-layout-9d6595d7 wp-block-columns-is-layout-flex\">\n<div class=\"wp-block-column is-layout-flow wp-block-column-is-layout-flow\">\n<div class=\"wp-block-columns is-layout-flex wp-container-core-columns-is-layout-9d6595d7 wp-block-columns-is-layout-flex\">\n<div class=\"wp-block-column is-layout-flow wp-block-column-is-layout-flow\">\n<h2 class=\"wp-block-heading\">Pourquoi est-il essentiel de traiter ces infestations ?<\/h2>\n\n\n\n<pre class=\"wp-block-code\"><code>Chaque nuisible, bien que diff\u00e9rent, peut causer des d\u00e9sagr\u00e9ments majeurs, voire des probl\u00e8mes de sant\u00e9. Des maladies transmises par les moustiques tigres aux d\u00e9mangeaisons caus\u00e9es par les puces, en passant par les d\u00e9g\u00e2ts mat\u00e9riels des fouines, l\u2019impact de ces envahisseurs est significatif et tangible.<\/code><\/pre>\n\n\n\n<h2 class=\"wp-block-heading\">Lyon Nuisibles : Votre d\u00e9fenseur face \u00e0 ces envahisseurs<\/h2>\n\n\n\n<pre class=\"wp-block-code\"><code>Avec une exp\u00e9rience solide, Lyon Nuisibles est \u00e9quip\u00e9 pour traiter chaque infestation sp\u00e9cifique avec pr\u00e9cision.<\/code><\/pre>\n\n\n\n<pre class=\"wp-block-code\"><code>Diagnostic pr\u00e9cis pour une action cibl\u00e9e : Nous commen\u00e7ons toujours par une \u00e9valuation minutieuse de la situation. Identifier le nuisible, comprendre son comportement et d\u00e9terminer l\u2019ampleur de l\u2019infestation nous permet de choisir la meilleure strat\u00e9gie d\u2019intervention.<\/code><\/pre>\n\n\n\n<pre class=\"wp-block-code\"><code>Techniques adapt\u00e9es \u00e0 chaque nuisible : Chaque type de nuisible requiert une approche sp\u00e9cifique. Que ce soit par des traitements biologiques pour les moustiques tigres, l'utilisation de r\u00e9pulsifs pour les fouines ou des pi\u00e8ges pour les fourmis, nous employons des m\u00e9thodes \u00e9prouv\u00e9es et respectueuses de l\u2019environnement.<\/code><\/pre>\n\n\n\n<pre class=\"wp-block-code\"><code>Conseils et pr\u00e9vention pour un environnement sain : Notre engagement ne s'arr\u00eate pas \u00e0 l'\u00e9limination des nuisibles. Apr\u00e8s notre intervention, nous vous prodiguons des conseils pratiques pour pr\u00e9venir de futures infestations et maintenir un environnement sain \u00e0 long terme.<\/code><\/pre>\n\n\n\n<h2 class=\"wp-block-heading\">Comment prot\u00e9ger votre espace de ces nuisibles ?<\/h2>\n\n\n\n<p>La pr\u00e9vention est votre meilleure alli\u00e9e :<\/p>\n\n\n\n<pre class=\"wp-block-code\"><code>Maintenez une maison propre et stockez les aliments dans des r\u00e9cipients herm\u00e9tiques. Veillez \u00e0 entretenir r\u00e9guli\u00e8rement votre jardin afin d'\u00e9viter les eaux stagnantes, propices aux moustiques. Prot\u00e9gez vos animaux domestiques en les traitant contre les puces. Effectuez des inspections r\u00e9guli\u00e8res de votre maison pour d\u00e9tecter tout signe d\u2019infestation.<\/code><\/pre>\n\n\n\n<h2 class=\"wp-block-heading\">Pourquoi confier la d\u00e9sinsectisation \u00e0 Lyon Nuisibles ?<\/h2>\n\n\n\n<pre class=\"wp-block-code\"><code>Face \u00e0 la diversit\u00e9 des nuisibles, une approche professionnelle est essentielle. Les m\u00e9thodes \"maison\" peuvent parfois empirer la situation. Notre \u00e9quipe est sp\u00e9cialement form\u00e9e pour traiter chaque infestation avec efficacit\u00e9, assurant ainsi votre tranquillit\u00e9 d\u2019esprit.<\/code><\/pre>\n\n\n\n<h2 class=\"wp-block-heading\">L&#8217;importance de confier l&#8217;\u00e9radication \u00e0 des professionnels<\/h2>\n\n\n\n<pre class=\"wp-block-code\"><code>Face \u00e0 une infestation, il peut \u00eatre tentant d'opter pour des solutions \u00ab maison \u00bb. Cependant, ces m\u00e9thodes se r\u00e9v\u00e8lent souvent inefficaces lorsque l'infestation est avanc\u00e9e. Seuls des professionnels \u00e9quip\u00e9s peuvent garantir une \u00e9limination compl\u00e8te et durable.<\/code><\/pre>\n<\/div>\n\n\n\n<div class=\"wp-block-column is-layout-flow wp-block-column-is-layout-flow\">\n<figure class=\"wp-block-image size-large\"><img loading=\"lazy\" decoding=\"async\" width=\"768\" height=\"1024\" src=\"http:\/\/lyon-nuisible.fr\/wp-content\/uploads\/2024\/07\/Design-sans-titre-54-768x1024.png\" alt=\"\" class=\"wp-image-180\" srcset=\"https:\/\/lyon-nuisible.fr\/wp-content\/uploads\/2024\/07\/Design-sans-titre-54-768x1024.png 768w, https:\/\/lyon-nuisible.fr\/wp-content\/uploads\/2024\/07\/Design-sans-titre-54-225x300.png 225w, https:\/\/lyon-nuisible.fr\/wp-content\/uploads\/2024\/07\/Design-sans-titre-54-45x60.png 45w, https:\/\/lyon-nuisible.fr\/wp-content\/uploads\/2024\/07\/Design-sans-titre-54.png 900w\" sizes=\"auto, (max-width: 768px) 100vw, 768px\" \/><\/figure>\n<\/div>\n<\/div>\n<\/div>\n<\/div>\n\n\n\n<div class=\"wp-block-columns is-layout-flex wp-container-core-columns-is-layout-9d6595d7 wp-block-columns-is-layout-flex\">\n<div class=\"wp-block-column is-layout-flow wp-block-column-is-layout-flow\">\n<div class=\"wp-block-group alignfull has-background-color has-white-color has-black-background-color has-text-color has-background has-link-color wp-elements-840538e89f9b38bdf29ffb9244ebdb49 is-vertical is-content-justification-stretch is-layout-flex wp-container-core-group-is-layout-47eb2bc5 wp-block-group-is-layout-flex\" style=\"min-height:40vh;margin-top:0;margin-bottom:0;padding-top:var(--wp--preset--spacing--60);padding-right:var(--wp--preset--spacing--40);padding-bottom:var(--wp--preset--spacing--60);padding-left:var(--wp--preset--spacing--40)\">\n<div class=\"wp-block-columns alignwide has-small-font-size is-layout-flex wp-container-core-columns-is-layout-9d6595d7 wp-block-columns-is-layout-flex\">\n<div class=\"wp-block-column is-layout-flow wp-block-column-is-layout-flow\">\n<p class=\"has-text-align-center\">Location<\/p>\n\n\n\n<p class=\"has-text-align-center\">LYON ,&nbsp;<br><br><\/p>\n\n\n\n<div style=\"height:24px\" aria-hidden=\"true\" class=\"wp-block-spacer\"><\/div>\n<\/div>\n\n\n\n<div class=\"wp-block-column is-layout-flow wp-block-column-is-layout-flow\">\n<p class=\"has-text-align-center\">Pages<\/p>\n\n\n<nav class=\"has-small-font-size items-justified-center is-vertical no-wrap wp-block-navigation is-content-justification-center is-nowrap is-layout-flex wp-container-core-navigation-is-layout-685400d0 wp-block-navigation-is-layout-flex\" aria-label=\"Primaire 2\"><ul class=\"wp-block-navigation__container has-small-font-size items-justified-center is-vertical no-wrap wp-block-navigation has-small-font-size\"><li class=\"has-small-font-size wp-block-navigation-item  menu-item menu-item-type-post_type menu-item-object-page wp-block-navigation-link\"><a class=\"wp-block-navigation-item__content\"  href=\"http:\/\/lyon-nuisible.fr\/index.php\/desinsectisation\/\" title=\"\"><span class=\"wp-block-navigation-item__label\">D\u00e9sinsectisation<\/span><\/a><\/li><\/ul><ul class=\"wp-block-navigation__container has-small-font-size items-justified-center is-vertical no-wrap wp-block-navigation has-small-font-size\"><li class=\"has-small-font-size wp-block-navigation-item  menu-item menu-item-type-post_type menu-item-object-page wp-block-navigation-link\"><a class=\"wp-block-navigation-item__content\"  href=\"http:\/\/lyon-nuisible.fr\/index.php\/desinfection\/\" title=\"\"><span class=\"wp-block-navigation-item__label\">D\u00e9sinfection<\/span><\/a><\/li><\/ul><ul class=\"wp-block-navigation__container has-small-font-size items-justified-center is-vertical no-wrap wp-block-navigation has-small-font-size\"><li class=\"has-small-font-size wp-block-navigation-item  menu-item menu-item-type-post_type menu-item-object-page wp-block-navigation-link\"><a class=\"wp-block-navigation-item__content\"  href=\"http:\/\/lyon-nuisible.fr\/index.php\/contact\/\" title=\"\"><span class=\"wp-block-navigation-item__label\">Contact<\/span><\/a><\/li><\/ul><\/nav>\n\n\n<div style=\"height:24px\" aria-hidden=\"true\" class=\"wp-block-spacer\"><\/div>\n<\/div>\n\n\n\n<div class=\"wp-block-column is-layout-flow wp-block-column-is-layout-flow\">\n<p class=\"has-text-align-center\">Follow us<\/p>\n\n\n\n<div class=\"wp-block-group is-vertical is-content-justification-center is-layout-flex wp-container-core-group-is-layout-bdd043ae wp-block-group-is-layout-flex\">\n<p><a href=\"#\">Facebook<\/a><\/p>\n\n\n\n<p><a href=\"#\">Instagram<\/a><\/p>\n\n\n\n<p><a href=\"#\">Twitter<\/a><\/p>\n<\/div>\n\n\n\n<div style=\"height:24px\" aria-hidden=\"true\" class=\"wp-block-spacer\"><\/div>\n<\/div>\n<\/div>\n\n\n\n<p class=\"has-text-align-center has-small-font-size\"><\/p>\n\n\n\n<div class=\"wp-block-group alignwide is-content-justification-center is-layout-flex wp-container-core-group-is-layout-5590e8cb wp-block-group-is-layout-flex\"><\/div>\n<\/div>\n<\/div>\n<\/div>\n","protected":false},"excerpt":{"rendered":"<p>Pourquoi est-il essentiel de traiter ces infestations ? Lyon Nuisibles : Votre d\u00e9fenseur face \u00e0 ces envahisseurs Comment prot\u00e9ger votre espace de ces nuisibles ? La pr\u00e9vention est votre meilleure alli\u00e9e : Pourquoi confier la d\u00e9sinsectisation \u00e0 Lyon Nuisibles ? L&#8217;importance de confier l&#8217;\u00e9radication \u00e0 des professionnels Location LYON ,&nbsp; Pages Follow us Facebook Instagram &hellip; <\/p>\n","protected":false},"author":1,"featured_media":0,"parent":0,"menu_order":0,"comment_status":"closed","ping_status":"closed","template":"","meta":{"footnotes":""},"class_list":["post-179","page","type-page","status-publish","hentry","grid-sizer"],"_links":{"self":[{"href":"https:\/\/lyon-nuisible.fr\/index.php\/wp-json\/wp\/v2\/pages\/179","targetHints":{"allow":["GET"]}}],"collection":[{"href":"https:\/\/lyon-nuisible.fr\/index.php\/wp-json\/wp\/v2\/pages"}],"about":[{"href":"https:\/\/lyon-nuisible.fr\/index.php\/wp-json\/wp\/v2\/types\/page"}],"author":[{"embeddable":true,"href":"https:\/\/lyon-nuisible.fr\/index.php\/wp-json\/wp\/v2\/users\/1"}],"replies":[{"embeddable":true,"href":"https:\/\/lyon-nuisible.fr\/index.php\/wp-json\/wp\/v2\/comments?post=179"}],"version-history":[{"count":1,"href":"https:\/\/lyon-nuisible.fr\/index.php\/wp-json\/wp\/v2\/pages\/179\/revisions"}],"predecessor-version":[{"id":181,"href":"https:\/\/lyon-nuisible.fr\/index.php\/wp-json\/wp\/v2\/pages\/179\/revisions\/181"}],"wp:attachment":[{"href":"https:\/\/lyon-nuisible.fr\/index.php\/wp-json\/wp\/v2\/media?parent=179"}],"curies":[{"name":"wp","href":"https:\/\/api.w.org\/{rel}","templated":true}]}}