{"id":173,"date":"2024-07-13T00:25:52","date_gmt":"2024-07-12T22:25:52","guid":{"rendered":"http:\/\/lyon-nuisible.fr\/?page_id=173"},"modified":"2024-07-13T00:36:16","modified_gmt":"2024-07-12T22:36:16","slug":"blattes-et-cafards","status":"publish","type":"page","link":"https:\/\/lyon-nuisible.fr\/index.php\/blattes-et-cafards\/","title":{"rendered":"Blattes et cafards"},"content":{"rendered":"\n<div class=\"wp-block-group is-layout-flex wp-block-group-is-layout-flex\">\n\n<nav class=\"is-responsive items-justified-right wp-block-navigation is-content-justification-right is-layout-flex wp-container-core-navigation-is-layout-3817c3ed wp-block-navigation-is-layout-flex\" aria-label=\"Primaire\" \n\t\t data-wp-interactive=\"core\/navigation\" data-wp-context='{\"overlayOpenedBy\":{\"click\":false,\"hover\":false,\"focus\":false},\"type\":\"overlay\",\"roleAttribute\":\"\",\"ariaLabel\":\"Menu\"}'><button aria-haspopup=\"dialog\" aria-label=\"Open menu\" class=\"wp-block-navigation__responsive-container-open\" \n\t\t\t\tdata-wp-on--click=\"actions.openMenuOnClick\"\n\t\t\t\tdata-wp-on--keydown=\"actions.handleMenuKeydown\"\n\t\t\t><svg width=\"24\" height=\"24\" xmlns=\"http:\/\/www.w3.org\/2000\/svg\" viewBox=\"0 0 24 24\" aria-hidden=\"true\" focusable=\"false\"><path d=\"M4 7.5h16v1.5H4z\"><\/path><path d=\"M4 15h16v1.5H4z\"><\/path><\/svg><\/button>\n\t\t\t\t<div class=\"wp-block-navigation__responsive-container\"  id=\"modal-1\" \n\t\t\t\tdata-wp-class--has-modal-open=\"state.isMenuOpen\"\n\t\t\t\tdata-wp-class--is-menu-open=\"state.isMenuOpen\"\n\t\t\t\tdata-wp-watch=\"callbacks.initMenu\"\n\t\t\t\tdata-wp-on--keydown=\"actions.handleMenuKeydown\"\n\t\t\t\tdata-wp-on--focusout=\"actions.handleMenuFocusout\"\n\t\t\t\ttabindex=\"-1\"\n\t\t\t>\n\t\t\t\t\t<div class=\"wp-block-navigation__responsive-close\" tabindex=\"-1\">\n\t\t\t\t\t\t<div class=\"wp-block-navigation__responsive-dialog\" \n\t\t\t\tdata-wp-bind--aria-modal=\"state.ariaModal\"\n\t\t\t\tdata-wp-bind--aria-label=\"state.ariaLabel\"\n\t\t\t\tdata-wp-bind--role=\"state.roleAttribute\"\n\t\t\t>\n\t\t\t\t\t\t\t<button aria-label=\"Close menu\" class=\"wp-block-navigation__responsive-container-close\" \n\t\t\t\tdata-wp-on--click=\"actions.closeMenuOnClick\"\n\t\t\t><svg xmlns=\"http:\/\/www.w3.org\/2000\/svg\" viewBox=\"0 0 24 24\" width=\"24\" height=\"24\" aria-hidden=\"true\" focusable=\"false\"><path d=\"m13.06 12 6.47-6.47-1.06-1.06L12 10.94 5.53 4.47 4.47 5.53 10.94 12l-6.47 6.47 1.06 1.06L12 13.06l6.47 6.47 1.06-1.06L13.06 12Z\"><\/path><\/svg><\/button>\n\t\t\t\t\t\t\t<div class=\"wp-block-navigation__responsive-container-content\" \n\t\t\t\tdata-wp-watch=\"callbacks.focusFirstElement\"\n\t\t\t id=\"modal-1-content\">\n\t\t\t\t\t\t\t\t<ul class=\"wp-block-navigation__container is-responsive items-justified-right wp-block-navigation\"><li class=\" wp-block-navigation-item  menu-item menu-item-type-post_type menu-item-object-page wp-block-navigation-link\"><a class=\"wp-block-navigation-item__content\"  href=\"http:\/\/lyon-nuisible.fr\/index.php\/desinsectisation\/\" title=\"\"><span class=\"wp-block-navigation-item__label\">D\u00e9sinsectisation<\/span><\/a><\/li><\/ul><ul class=\"wp-block-navigation__container is-responsive items-justified-right wp-block-navigation\"><li class=\" wp-block-navigation-item  menu-item menu-item-type-post_type menu-item-object-page wp-block-navigation-link\"><a class=\"wp-block-navigation-item__content\"  href=\"http:\/\/lyon-nuisible.fr\/index.php\/desinfection\/\" title=\"\"><span class=\"wp-block-navigation-item__label\">D\u00e9sinfection<\/span><\/a><\/li><\/ul><ul class=\"wp-block-navigation__container is-responsive items-justified-right wp-block-navigation\"><li class=\" wp-block-navigation-item  menu-item menu-item-type-post_type menu-item-object-page wp-block-navigation-link\"><a class=\"wp-block-navigation-item__content\"  href=\"http:\/\/lyon-nuisible.fr\/index.php\/contact\/\" title=\"\"><span class=\"wp-block-navigation-item__label\">Contact<\/span><\/a><\/li><\/ul>\n\t\t\t\t\t\t\t<\/div>\n\t\t\t\t\t\t<\/div>\n\t\t\t\t\t<\/div>\n\t\t\t\t<\/div><\/nav>\n\n\n<div class=\"wp-block-group is-vertical is-layout-flex wp-container-core-group-is-layout-5d5a54e7 wp-block-group-is-layout-flex\"><\/div>\n<\/div>\n\n\n\n<div class=\"wp-block-cover alignfull is-light\" style=\"margin-top:0;min-height:40vw;aspect-ratio:unset;\"><span aria-hidden=\"true\" class=\"wp-block-cover__background has-black-background-color has-background-dim-0 has-background-dim\"><\/span><img decoding=\"async\" class=\"wp-block-cover__image-background wp-image-61\" alt=\"\" src=\"https:\/\/img.rawpixel.com\/s3fs-private\/rawpixel_images\/website_content\/a017-eberhard-cco-the-after-rain.jpg?w=1200&amp;h=1200&amp;fit=clip&amp;crop=default&amp;dpr=1&amp;q=75&amp;vib=3&amp;con=3&amp;usm=15&amp;cs=srgb&amp;bg=F4F4F3&amp;ixlib=js-2.2.1&amp;s=e7b4ca0a0edcc84ba48c1f7ebf02dd5a\" style=\"object-position:50% 50%\" data-object-fit=\"cover\" data-object-position=\"50% 50%\"\/><div class=\"wp-block-cover__inner-container is-layout-flow wp-block-cover-is-layout-flow\">\n<pre class=\"wp-block-code has-white-color has-text-color has-link-color wp-elements-ea9696962450e0d3fae0ab8d0919ed8e\"><code>\nNous les redoutons tous : les cafards et les blattes. Ces insectes rampants, souvent associ\u00e9s \u00e0 l'insalubrit\u00e9 et \u00e0 la d\u00e9gradation, peuvent envahir nos demeures et nos entreprises en un temps record. Leur pr\u00e9sence n'est pas seulement d\u00e9sagr\u00e9able, mais elle peut \u00e9galement engendrer de graves probl\u00e8mes de sant\u00e9. Heureusement, Lyon Nuisibles est l\u00e0 pour vous aider \u00e0 retrouver un environnement sain.<\/code><\/pre>\n\n\n\n<h2 class=\"wp-block-heading\">DEMANDER UN DEVIS GRATUIT<\/h2>\n\n\n\n<div class=\"wp-block-columns is-layout-flex wp-container-core-columns-is-layout-9d6595d7 wp-block-columns-is-layout-flex\">\n<div class=\"wp-block-column is-layout-flow wp-block-column-is-layout-flow\">\n<div class=\"wp-block-buttons is-layout-flex wp-block-buttons-is-layout-flex\">\n<div class=\"wp-block-button is-style-outline is-style-outline--2\"><a class=\"wp-block-button__link has-white-background-color has-background wp-element-button\">NUMERO DE TELEPHONE<\/a><\/div>\n<\/div>\n\n\n\n<div class=\"wp-block-buttons is-layout-flex wp-block-buttons-is-layout-flex\">\n<div class=\"wp-block-button is-style-outline is-style-outline--3\"><a class=\"wp-block-button__link has-white-color has-black-background-color has-text-color has-background has-link-color wp-element-button\">FORMULAIRE DE CONTACT<\/a><\/div>\n<\/div>\n<\/div>\n<\/div>\n<\/div><\/div>\n\n\n\n<div class=\"wp-block-columns is-layout-flex wp-container-core-columns-is-layout-9d6595d7 wp-block-columns-is-layout-flex\">\n<div class=\"wp-block-column is-layout-flow wp-block-column-is-layout-flow\"><\/div>\n<\/div>\n\n\n\n<div class=\"wp-block-columns is-layout-flex wp-container-core-columns-is-layout-9d6595d7 wp-block-columns-is-layout-flex\">\n<div class=\"wp-block-column is-layout-flow wp-block-column-is-layout-flow\">\n<h2 class=\"wp-block-heading\">Pourquoi est-il vital d&#8217;intervenir rapidement ?<\/h2>\n\n\n\n<pre class=\"wp-block-code\"><code>Les cafards et les blattes sont des cr\u00e9atures redoutables, non seulement par leur r\u00e9silience, mais aussi par leur capacit\u00e9 \u00e0 prolif\u00e9rer rapidement. Ils sont capables de contaminer les provisions, de propager des agents pathog\u00e8nes et de d\u00e9clencher des r\u00e9actions allergiques. Leur pr\u00e9sence peut gravement alt\u00e9rer la qualit\u00e9 de vie et le bien-\u00eatre, engendrant un profond malaise.<\/code><\/pre>\n\n\n\n<h2 class=\"wp-block-heading\">Lyon Nuisibles : Votre bouclier contre ces nuisibles<\/h2>\n\n\n\n<pre class=\"wp-block-code\"><code>Le traitement des blattes et des cafards repr\u00e9sente souvent un d\u00e9fi majeur pour les propri\u00e9taires et les gestionnaires d\u2019espaces r\u00e9sidentiels ou professionnels. Heureusement, notre approche professionnelle offre une solution efficace et s\u00e9curitaire, adapt\u00e9e m\u00eame aux infestations les plus r\u00e9sistantes. Nous utilisons une m\u00e9thode innovante combinant l'application d'un gel insecticide avec une n\u00e9bulisation, incluant un r\u00e9gulateur de croissance ciblant le cycle de vie des cafards sans danger pour les humains.<\/code><\/pre>\n\n\n\n<pre class=\"wp-block-code\"><code>Le gel attractif est sp\u00e9cialement formul\u00e9 pour attirer les blattes, les \u00e9liminant apr\u00e8s ingestion, tandis que le r\u00e9gulateur de croissance perturbe le d\u00e9veloppement des \u0153ufs et des jeunes cafards, entravant leur maturation et leur capacit\u00e9 \u00e0 se reproduire. Cette double approche est essentielle \u00e9tant donn\u00e9 qu'une blatte peut pondre jusqu'\u00e0 40 \u0153ufs par jour, ce qui peut rapidement aggraver une infestation sans une intervention rapide et efficace.<\/code><\/pre>\n\n\n\n<pre class=\"wp-block-code\"><code>La n\u00e9bulisation permet de traiter les zones difficiles d'acc\u00e8s o\u00f9 les blattes ont tendance \u00e0 se cacher et \u00e0 se reproduire. Cette technique diffuse un insecticide sous forme de fines gouttelettes, atteignant ainsi m\u00eame les endroits les plus inaccessibles, assurant que tous les insectes dissimul\u00e9s soient expos\u00e9s au traitement.\n<\/code><\/pre>\n\n\n\n<h2 class=\"wp-block-heading\">Comment minimiser le risque d&#8217;infestation ?<\/h2>\n\n\n\n<pre class=\"wp-block-code\"><code>Pour pr\u00e9venir la pr\u00e9sence de ces nuisibles, voici quelques recommandations essentielles :<\/code><\/pre>\n\n\n\n<ul class=\"wp-block-list\">\n<li>Maintenez une propret\u00e9 rigoureuse dans votre maison, notamment dans la cuisine et la salle de bain.<\/li>\n\n\n\n<li>\u00c9liminez rapidement les d\u00e9chets et assurez-vous que vos poubelles sont bien ferm\u00e9es.<\/li>\n\n\n\n<li>\u00c9vitez de laisser de la nourriture expos\u00e9e.<\/li>\n\n\n\n<li>Scellez soigneusement les fissures et les trous dans les murs, les planchers et les fondations.<\/li>\n<\/ul>\n\n\n\n<h2 class=\"wp-block-heading\">Les dangers li\u00e9s \u00e0 la pr\u00e9sence de cafards et blattes<\/h2>\n\n\n\n<pre class=\"wp-block-code\"><code>Outre le d\u00e9go\u00fbt qu\u2019ils suscitent, les cafards et les blattes sont porteurs de nombreux pathog\u00e8nes. Ils peuvent contaminer la nourriture, les surfaces de travail et les ustensiles, augmentant ainsi le risque de maladies telles que la salmonellose, la gastro-ent\u00e9rite et la dysenterie.<\/code><\/pre>\n\n\n\n<h2 class=\"wp-block-heading\">L&#8217;importance de confier l&#8217;\u00e9radication \u00e0 des professionnels<\/h2>\n\n\n\n<pre class=\"wp-block-code\"><code>Face \u00e0 une infestation, il est tentant de recourir \u00e0 des solutions \u00ab maison \u00bb. Cependant, ces m\u00e9thodes s'av\u00e8rent souvent inefficaces face \u00e0 une infestation avanc\u00e9e. Seuls des professionnels \u00e9quip\u00e9s peuvent garantir une \u00e9limination compl\u00e8te et durable.<\/code><\/pre>\n\n\n\n<h2 class=\"wp-block-heading\">Comptez sur Be Protect Nuisibles<\/h2>\n\n\n\n<pre class=\"wp-block-code\"><code>Les cafards et les blattes sont des nuisibles qu'il ne faut pas sous-estimer. Chez Be Protect Nuisibles, nous vous offrons une intervention rapide, efficace et de qualit\u00e9. Notre objectif est de vous aider \u00e0 retrouver un environnement sain et agr\u00e9able. Faites confiance \u00e0 notre expertise pour \u00e9liminer ces nuisibles de votre quotidien.<\/code><\/pre>\n<\/div>\n\n\n\n<div class=\"wp-block-column is-layout-flow wp-block-column-is-layout-flow\"><div class=\"wp-block-image\">\n<figure class=\"alignleft size-large\"><img loading=\"lazy\" decoding=\"async\" width=\"768\" height=\"1024\" src=\"http:\/\/lyon-nuisible.fr\/wp-content\/uploads\/2024\/07\/IMG_5983-scaled-1-768x1024.jpg\" alt=\"\" class=\"wp-image-174\" srcset=\"https:\/\/lyon-nuisible.fr\/wp-content\/uploads\/2024\/07\/IMG_5983-scaled-1-768x1024.jpg 768w, https:\/\/lyon-nuisible.fr\/wp-content\/uploads\/2024\/07\/IMG_5983-scaled-1-225x300.jpg 225w, https:\/\/lyon-nuisible.fr\/wp-content\/uploads\/2024\/07\/IMG_5983-scaled-1-1152x1536.jpg 1152w, https:\/\/lyon-nuisible.fr\/wp-content\/uploads\/2024\/07\/IMG_5983-scaled-1-1536x2048.jpg 1536w, https:\/\/lyon-nuisible.fr\/wp-content\/uploads\/2024\/07\/IMG_5983-scaled-1-45x60.jpg 45w, https:\/\/lyon-nuisible.fr\/wp-content\/uploads\/2024\/07\/IMG_5983-scaled-1.jpg 1920w\" sizes=\"auto, (max-width: 768px) 100vw, 768px\" \/><\/figure>\n<\/div><\/div>\n<\/div>\n\n\n\n<div class=\"wp-block-group alignfull has-background-color has-white-color has-black-background-color has-text-color has-background has-link-color wp-elements-840538e89f9b38bdf29ffb9244ebdb49 is-vertical is-content-justification-stretch is-layout-flex wp-container-core-group-is-layout-47eb2bc5 wp-block-group-is-layout-flex\" style=\"min-height:40vh;margin-top:0;margin-bottom:0;padding-top:var(--wp--preset--spacing--60);padding-right:var(--wp--preset--spacing--40);padding-bottom:var(--wp--preset--spacing--60);padding-left:var(--wp--preset--spacing--40)\">\n<div class=\"wp-block-columns alignwide has-small-font-size is-layout-flex wp-container-core-columns-is-layout-9d6595d7 wp-block-columns-is-layout-flex\">\n<div class=\"wp-block-column is-layout-flow wp-block-column-is-layout-flow\">\n<p class=\"has-text-align-center\">Location<\/p>\n\n\n\n<p class=\"has-text-align-center\">LYON ,&nbsp;<br><br><\/p>\n\n\n\n<div style=\"height:24px\" aria-hidden=\"true\" class=\"wp-block-spacer\"><\/div>\n<\/div>\n\n\n\n<div class=\"wp-block-column is-layout-flow wp-block-column-is-layout-flow\">\n<p class=\"has-text-align-center\">Pages<\/p>\n\n\n<nav class=\"has-small-font-size items-justified-center is-vertical no-wrap wp-block-navigation is-content-justification-center is-nowrap is-layout-flex wp-container-core-navigation-is-layout-685400d0 wp-block-navigation-is-layout-flex\" aria-label=\"Primaire 2\"><ul class=\"wp-block-navigation__container has-small-font-size items-justified-center is-vertical no-wrap wp-block-navigation has-small-font-size\"><li class=\"has-small-font-size wp-block-navigation-item  menu-item menu-item-type-post_type menu-item-object-page wp-block-navigation-link\"><a class=\"wp-block-navigation-item__content\"  href=\"http:\/\/lyon-nuisible.fr\/index.php\/desinsectisation\/\" title=\"\"><span class=\"wp-block-navigation-item__label\">D\u00e9sinsectisation<\/span><\/a><\/li><\/ul><ul class=\"wp-block-navigation__container has-small-font-size items-justified-center is-vertical no-wrap wp-block-navigation has-small-font-size\"><li class=\"has-small-font-size wp-block-navigation-item  menu-item menu-item-type-post_type menu-item-object-page wp-block-navigation-link\"><a class=\"wp-block-navigation-item__content\"  href=\"http:\/\/lyon-nuisible.fr\/index.php\/desinfection\/\" title=\"\"><span class=\"wp-block-navigation-item__label\">D\u00e9sinfection<\/span><\/a><\/li><\/ul><ul class=\"wp-block-navigation__container has-small-font-size items-justified-center is-vertical no-wrap wp-block-navigation has-small-font-size\"><li class=\"has-small-font-size wp-block-navigation-item  menu-item menu-item-type-post_type menu-item-object-page wp-block-navigation-link\"><a class=\"wp-block-navigation-item__content\"  href=\"http:\/\/lyon-nuisible.fr\/index.php\/contact\/\" title=\"\"><span class=\"wp-block-navigation-item__label\">Contact<\/span><\/a><\/li><\/ul><\/nav>\n\n\n<div style=\"height:24px\" aria-hidden=\"true\" class=\"wp-block-spacer\"><\/div>\n<\/div>\n\n\n\n<div class=\"wp-block-column is-layout-flow wp-block-column-is-layout-flow\">\n<p class=\"has-text-align-center\">Follow us<\/p>\n\n\n\n<div class=\"wp-block-group is-vertical is-content-justification-center is-layout-flex wp-container-core-group-is-layout-bdd043ae wp-block-group-is-layout-flex\">\n<p><a href=\"#\">Facebook<\/a><\/p>\n\n\n\n<p><a href=\"#\">Instagram<\/a><\/p>\n\n\n\n<p><a href=\"#\">Twitter<\/a><\/p>\n<\/div>\n\n\n\n<div style=\"height:24px\" aria-hidden=\"true\" class=\"wp-block-spacer\"><\/div>\n<\/div>\n<\/div>\n\n\n\n<p class=\"has-text-align-center has-small-font-size\"><\/p>\n\n\n\n<div class=\"wp-block-group alignwide is-content-justification-center is-layout-flex wp-container-core-group-is-layout-5590e8cb wp-block-group-is-layout-flex\"><\/div>\n<\/div>\n","protected":false},"excerpt":{"rendered":"<p>Pourquoi est-il vital d&#8217;intervenir rapidement ? Lyon Nuisibles : Votre bouclier contre ces nuisibles Comment minimiser le risque d&#8217;infestation ? Les dangers li\u00e9s \u00e0 la pr\u00e9sence de cafards et blattes L&#8217;importance de confier l&#8217;\u00e9radication \u00e0 des professionnels Comptez sur Be Protect Nuisibles Location LYON ,&nbsp; Pages Follow us Facebook Instagram Twitter<\/p>\n","protected":false},"author":1,"featured_media":0,"parent":0,"menu_order":0,"comment_status":"closed","ping_status":"closed","template":"","meta":{"footnotes":""},"class_list":["post-173","page","type-page","status-publish","hentry","grid-sizer"],"_links":{"self":[{"href":"https:\/\/lyon-nuisible.fr\/index.php\/wp-json\/wp\/v2\/pages\/173","targetHints":{"allow":["GET"]}}],"collection":[{"href":"https:\/\/lyon-nuisible.fr\/index.php\/wp-json\/wp\/v2\/pages"}],"about":[{"href":"https:\/\/lyon-nuisible.fr\/index.php\/wp-json\/wp\/v2\/types\/page"}],"author":[{"embeddable":true,"href":"https:\/\/lyon-nuisible.fr\/index.php\/wp-json\/wp\/v2\/users\/1"}],"replies":[{"embeddable":true,"href":"https:\/\/lyon-nuisible.fr\/index.php\/wp-json\/wp\/v2\/comments?post=173"}],"version-history":[{"count":4,"href":"https:\/\/lyon-nuisible.fr\/index.php\/wp-json\/wp\/v2\/pages\/173\/revisions"}],"predecessor-version":[{"id":178,"href":"https:\/\/lyon-nuisible.fr\/index.php\/wp-json\/wp\/v2\/pages\/173\/revisions\/178"}],"wp:attachment":[{"href":"https:\/\/lyon-nuisible.fr\/index.php\/wp-json\/wp\/v2\/media?parent=173"}],"curies":[{"name":"wp","href":"https:\/\/api.w.org\/{rel}","templated":true}]}}